{"id":120,"date":"2024-03-23T13:01:24","date_gmt":"2024-03-23T13:01:24","guid":{"rendered":"https:\/\/stage.dinosadventures.com\/de\/?page_id=120"},"modified":"2024-04-25T17:18:23","modified_gmt":"2024-04-25T17:18:23","slug":"terms-of-use","status":"publish","type":"page","link":"https:\/\/dinosadventures.com\/de\/terms-of-use\/","title":{"rendered":"terms of use"},"content":{"rendered":"<p>[et_pb_section fb_built=&#8221;1&#8243; _builder_version=&#8221;4.24.2&#8243; _module_preset=&#8221;default&#8221; global_colors_info=&#8221;{}&#8221;][et_pb_row _builder_version=&#8221;4.24.2&#8243; _module_preset=&#8221;default&#8221; global_colors_info=&#8221;{}&#8221;][et_pb_column type=&#8221;4_4&#8243; _builder_version=&#8221;4.24.2&#8243; _module_preset=&#8221;default&#8221; global_colors_info=&#8221;{}&#8221;][et_pb_text _builder_version=&#8221;4.24.2&#8243; _module_preset=&#8221;default&#8221; hover_enabled=&#8221;0&#8243; global_colors_info=&#8221;{}&#8221; sticky_enabled=&#8221;0&#8243;]<\/p>\n<header class=\"title-bar outside title_bar_variant_classic title_bar_width_ has-effect\">\n<div class=\"overlay-color\">\n<div class=\"in\">\n<div class=\"titles\">\n<h1 class=\"page-title entry-title\" itemprop=\"headline\">NUTZUNGSBEDINGUNGEN<\/h1>\n<\/div>\n<\/div>\n<\/div>\n<\/header>\n<article id=\"content\" class=\"clearfix\" itemtype=\"https:\/\/schema.org\/CreativeWork\" itemscope=\"\">\n<div class=\"content-limiter\">\n<div id=\"col-mask\">\n<div id=\"post-12254\" class=\"content-box post-12254 page type-page status-publish\">\n<div class=\"formatter\">\n<div class=\"real-content\" itemprop=\"text\">\n<div data-elementor-type=\"wp-page\" data-elementor-id=\"12254\" class=\"elementor elementor-12254\" data-elementor-settings=\"[]\">\n<div class=\"elementor-section-wrap\">\n<section class=\"elementor-section elementor-top-section elementor-element elementor-element-231564b elementor-section-boxed elementor-section-height-default elementor-section-height-default\" data-id=\"231564b\" data-element_type=\"section\">\n<div class=\"elementor-container elementor-column-gap-default\">\n<div class=\"elementor-column elementor-col-100 elementor-top-column elementor-element elementor-element-23251cd\" data-id=\"23251cd\" data-element_type=\"column\">\n<div class=\"elementor-widget-wrap elementor-element-populated\">\n<div class=\"elementor-element elementor-element-6c11c4d elementor-widget elementor-widget-text-editor\" data-id=\"6c11c4d\" data-element_type=\"widget\" data-widget_type=\"text-editor.default\">\n<div class=\"elementor-widget-container\">\n<p>Aktualisiert am: 01.02.2022<\/p>\n<p>Diese Bedingungen f\u00fcr die Nutzung der Website dinosadventures.com und ihrer Dienste und Funktionalit\u00e4ten (im Folgenden: Nutzungsbedingungen) legen die Rechte und Pflichten f\u00fcr die Nutzung der Website dinosadventures.com fest.<\/p>\n<p>Jeglicher automatisierte Abruf von Daten von der Website dinosadventures.com und ihrer Datenbank ist strengstens untersagt.<\/p>\n<p>Das Recht zur Nutzung von dinosadventures.com ist pers\u00f6nlich f\u00fcr den Benutzer und ist nicht auf eine andere nat\u00fcrliche oder juristische Person \u00fcbertragbar. Der Benutzer ist sich dar\u00fcber im Klaren, dass das Internet zwar im Allgemeinen ein sicherer Ort ist, es jedoch manchmal zu Dienstunterbrechungen oder Ereignissen kommt, die au\u00dferhalb der Kontrolle von MM Disoski liegen, und dass MM Disoski nicht f\u00fcr Datenverluste bei der \u00dcbertragung von Informationen \u00fcber das Internet verantwortlich ist. Obwohl das Ziel von MM Disoski darin besteht, dass dinosadventures.com ununterbrochen verf\u00fcgbar ist, kann es vorkommen, dass die Website aus irgendeinem Grund, einschlie\u00dflich, aber nicht beschr\u00e4nkt auf routinem\u00e4\u00dfige Wartungsarbeiten, nicht verf\u00fcgbar ist. Der Benutzer versteht und erkennt an, dass der Zugriff auf dinosadventures.com je nach den Umst\u00e4nden, die innerhalb und au\u00dferhalb der Kontrolle von MM Disoski liegen, von Zeit zu Zeit beendet oder ausgesetzt werden kann.<\/p>\n<p>MM Disoski kann diese Nutzungsbedingungen durch schriftliches oder elektronisches Dokument \u00e4ndern. In einem solchen Fall wird MM Disoski seine Nutzer in geeigneter Weise, d. h. durch eine Ank\u00fcndigung durch dinosadventures.com \u00fcber die \u00c4nderung, sp\u00e4testens 7 Tage vor Inkrafttreten der \u00c4nderung informieren. Jeder Benutzer stimmt dieser Art der Benachrichtigung \u00fcber \u00c4nderungen der Nutzungsbedingungen zu.<\/p>\n<p>Jeder Benutzer tr\u00e4gt die volle Verantwortung f\u00fcr seine Handlungen bei der Nutzung von dinosadventures.com und der Dino Adventures-Softwareanwendung. Dar\u00fcber hinaus erkl\u00e4rt sich jeder Benutzer damit einverstanden, MM Disoski, seine leitenden Angestellten und Mitarbeiter f\u00fcr alle Schadensersatzanspr\u00fcche und Kosten, einschlie\u00dflich Anwaltskosten, zu entsch\u00e4digen und haftbar zu machen, die aus der Nutzung dieser Website und der Dino&#8217;s Adventures-Softwareanwendung durch den Endbenutzer entstehen k\u00f6nnen. und Verletzung der Nutzungsbedingungen.<\/p>\n<p>Jeder registrierte Benutzer erkl\u00e4rt sich damit einverstanden, Benachrichtigungen an die E-Mail-Adresse zu erhalten, mit der er auf dinosadventures.com registriert ist. Benachrichtigungen beziehen sich auf Dienste, kostenlose oder kommerzielle Produkte und die Softwareanwendung Dino Adventures. Benutzer erhalten eine E-Mail-Benachrichtigung, wenn ihnen \u00fcber das interne Nachrichtensystem eine Nachricht gesendet wird<\/p>\n<p>Jeder registrierte Benutzer erkl\u00e4rt sich damit einverstanden, regelm\u00e4\u00dfig Direktmails (Direktmarketing) an die E-Mail-Adresse zu erhalten, mit der er auf dinosadventures.com registriert ist.<\/p>\n<p>Der Benutzer verpflichtet sich, bei der Nutzung der von dinosadventures.com bereitgestellten Dienste keine Benutzerinhalte \u2013 Informationen, Daten, Texte, T\u00f6ne, Dateien usw. \u2013 auf seinen Server zu laden\/zu \u00fcbertragen und in keiner Weise an Dritte weiterzugeben. Dateien, Software, Videos, Fotos, Grafiken, Audiomaterialien, Mitteilungen oder andere Materialien oder Links zu Materialien, die:<\/p>\n<p>1. im Widerspruch zu positiver Gesetzgebung, geltendem ausl\u00e4ndischem Recht, Internetethik, allgemeinen Vorschriften zu Anstand und Moral stehen;<\/p>\n<p>2. Gegenstand geistigen Eigentums Dritter sind, sofern nicht die Zustimmung des Rechtsinhabers vorliegt;<\/p>\n<p>3. ein Gesch\u00e4fts- oder Berufsgeheimnis oder sonstige vertrauliche Informationen darstellen, deren Offenlegung aufgrund eines Vertrags, Gesetzes oder einer Handlung einer zust\u00e4ndigen, staatlichen oder kommunalen Stelle verboten ist;<\/p>\n<p>4. Informationen \u00fcber andere Benutzer ohne Zustimmung ihrer Inhaber sowie Software f\u00fcr den Zugriff auf solche Codes oder Rechte enthalten;<\/p>\n<p>5. personenbezogene Daten Dritter oder andere gesetzlich gesch\u00fctzte Informationen enthalten, sofern nicht alle geltenden Anforderungen f\u00fcr deren Schutz, Verarbeitung und Anwendung eingehalten werden.<\/p>\n<p>MM Disoski beh\u00e4lt sich das Recht vor, statistische Daten \u00fcber die Nutzung von dinosadventures.com zu sammeln, zu speichern, zu analysieren und zu nutzen, um seine Kunden, Benutzer und andere Parteien zu informieren, sie in anderen Medien zu ver\u00f6ffentlichen und mit dem Benutzer \u00fcber die Dienste von dinosadventures zu kommunizieren. com.<\/p>\n<p>Die personenbezogenen Daten der Nutzer werden streng vertraulich behandelt und nicht an Dritte weitergegeben, es sei denn, dies ist gesetzlich vorgeschrieben oder es liegt eine gerichtliche oder sonstige zwingende Anordnung vor.<\/p>\n<p>MM Disoski ist nicht verantwortlich f\u00fcr das Auftreten von Sch\u00e4den aufgrund der Nutzung der Dino&#8217;s Adventures-Softwareanwendung durch Endbenutzer.<\/p>\n<p>MM Disoski beh\u00e4lt sich das Recht vor, Dienste auf dinosadventures.com ohne vorherige Ank\u00fcndigung hinzuzuf\u00fcgen, zu \u00e4ndern, zu aktualisieren, zu beenden, einzustellen oder Nutzungsbedingungen einzuf\u00fchren.<\/p>\n<\/div>\n<\/div>\n<\/div>\n<\/div>\n<\/div>\n<\/section>\n<\/div>\n<\/div>\n<\/div>\n<\/div>\n<\/div>\n<\/div>\n<\/div>\n<\/article>\n<p>[\/et_pb_text][\/et_pb_column][\/et_pb_row][\/et_pb_section]<\/p>\n","protected":false},"excerpt":{"rendered":"<p>NUTZUNGSBEDINGUNGEN Aktualisiert am: 01.02.2022 Diese Bedingungen f\u00fcr die Nutzung der Website dinosadventures.com und ihrer Dienste und Funktionalit\u00e4ten (im Folgenden: Nutzungsbedingungen) legen die Rechte und Pflichten f\u00fcr die Nutzung der Website dinosadventures.com fest. Jeglicher automatisierte Abruf von Daten von der Website dinosadventures.com und ihrer Datenbank ist strengstens untersagt. Das Recht zur Nutzung von dinosadventures.com ist pers\u00f6nlich [&hellip;]<\/p>\n","protected":false},"author":1,"featured_media":0,"parent":0,"menu_order":0,"comment_status":"closed","ping_status":"closed","template":"","meta":{"_et_pb_use_builder":"on","_et_pb_old_content":"","_et_gb_content_width":"","footnotes":""},"_links":{"self":[{"href":"https:\/\/dinosadventures.com\/de\/wp-json\/wp\/v2\/pages\/120"}],"collection":[{"href":"https:\/\/dinosadventures.com\/de\/wp-json\/wp\/v2\/pages"}],"about":[{"href":"https:\/\/dinosadventures.com\/de\/wp-json\/wp\/v2\/types\/page"}],"author":[{"embeddable":true,"href":"https:\/\/dinosadventures.com\/de\/wp-json\/wp\/v2\/users\/1"}],"replies":[{"embeddable":true,"href":"https:\/\/dinosadventures.com\/de\/wp-json\/wp\/v2\/comments?post=120"}],"version-history":[{"count":4,"href":"https:\/\/dinosadventures.com\/de\/wp-json\/wp\/v2\/pages\/120\/revisions"}],"predecessor-version":[{"id":218,"href":"https:\/\/dinosadventures.com\/de\/wp-json\/wp\/v2\/pages\/120\/revisions\/218"}],"wp:attachment":[{"href":"https:\/\/dinosadventures.com\/de\/wp-json\/wp\/v2\/media?parent=120"}],"curies":[{"name":"wp","href":"https:\/\/api.w.org\/{rel}","templated":true}]}}