{"id":124,"date":"2024-03-23T13:03:39","date_gmt":"2024-03-23T13:03:39","guid":{"rendered":"https:\/\/stage.dinosadventures.com\/de\/?page_id=124"},"modified":"2025-12-09T17:03:24","modified_gmt":"2025-12-09T17:03:24","slug":"privacy-policy","status":"publish","type":"page","link":"https:\/\/dinosadventures.com\/de\/privacy-policy\/","title":{"rendered":"privacy policy"},"content":{"rendered":"<p>[et_pb_section fb_built=&#8221;1&#8243; _builder_version=&#8221;4.24.2&#8243; _module_preset=&#8221;default&#8221; global_colors_info=&#8221;{}&#8221;][et_pb_row _builder_version=&#8221;4.24.2&#8243; _module_preset=&#8221;default&#8221; global_colors_info=&#8221;{}&#8221;][et_pb_column type=&#8221;4_4&#8243; _builder_version=&#8221;4.24.2&#8243; _module_preset=&#8221;default&#8221; global_colors_info=&#8221;{}&#8221;][et_pb_text _builder_version=&#8221;4.24.2&#8243; _module_preset=&#8221;default&#8221; hover_enabled=&#8221;0&#8243; global_colors_info=&#8221;{}&#8221; sticky_enabled=&#8221;0&#8243;]<\/p>\n<header class=\"title-bar outside title_bar_variant_classic title_bar_width_ has-effect\">\n<div class=\"overlay-color\">\n<div class=\"in\">\n<div class=\"titles\">\n<h1 class=\"page-title entry-title\" itemprop=\"headline\" style=\"text-align: justify;\">DATENSCHUTZRICHTLINIE<\/h1>\n<\/div>\n<\/div>\n<\/div>\n<\/header>\n<article id=\"content\" class=\"clearfix\" itemtype=\"https:\/\/schema.org\/CreativeWork\" itemscope=\"\">\n<div class=\"content-limiter\">\n<div id=\"col-mask\">\n<div id=\"post-12260\" class=\"content-box post-12260 page type-page status-publish\">\n<div class=\"formatter\">\n<div class=\"real-content\" itemprop=\"text\">\n<div data-elementor-type=\"wp-page\" data-elementor-id=\"12260\" class=\"elementor elementor-12260\" data-elementor-settings=\"[]\">\n<div class=\"elementor-section-wrap\">\n<section class=\"elementor-section elementor-top-section elementor-element elementor-element-e84acee elementor-section-boxed elementor-section-height-default elementor-section-height-default\" data-id=\"e84acee\" data-element_type=\"section\">\n<div class=\"elementor-container elementor-column-gap-default\">\n<div class=\"elementor-column elementor-col-100 elementor-top-column elementor-element elementor-element-1a19cf0\" data-id=\"1a19cf0\" data-element_type=\"column\">\n<div class=\"elementor-widget-wrap elementor-element-populated\">\n<div class=\"elementor-element elementor-element-60a04b2 elementor-widget elementor-widget-text-editor\" data-id=\"60a04b2\" data-element_type=\"widget\" data-widget_type=\"text-editor.default\">\n<div class=\"elementor-widget-container\">\n<p style=\"text-align: justify;\">Diese Datenschutzerkl\u00e4rung enth\u00e4lt allgemeine Informationen \u00fcber die Verarbeitung personenbezogener Daten, wenn Sie diese Website besuchen und\/oder einen unserer Dienste dar\u00fcber nutzen. Wir erheben nur diejenigen personenbezogenen Daten, die zur Erf\u00fcllung unserer Verpflichtungen erforderlich sind.<\/p>\n<p style=\"text-align: justify;\"><strong>Verantwortlicher f\u00fcr die Erhebung personenbezogener Daten<\/strong><\/p>\n<p style=\"text-align: justify;\">Der Verantwortliche f\u00fcr personenbezogene Daten ist MM Disoski (im Folgenden: 2MD) Prilep, Republik Nordmazedonien.<\/p>\n<p style=\"text-align: justify;\">Personenbezogene Daten werden gem\u00e4\u00df den Bestimmungen des Gesetzes zum Schutz personenbezogener Daten verarbeitet.<\/p>\n<p style=\"text-align: justify;\">Datenschutzbeauftragter:<\/p>\n<p style=\"text-align: justify;\">Darko Disoski<\/p>\n<p style=\"text-align: justify;\">darko.d@2md.mk<\/p>\n<p style=\"text-align: justify;\"><strong>Wessen Daten wir sammeln<\/strong><\/p>\n<p style=\"text-align: justify;\">Wir k\u00f6nnen Daten in Bezug auf die folgenden Kategorien von Personen sammeln:<\/p>\n<p style=\"text-align: justify;\">Besucher unserer Website dinosadventures.com. Wir erfassen typischerweise Navigationsdaten (siehe unten), die zur Analyse von Daten aus Besuchen auf unserer Website sowie zur Aufrechterhaltung der Informationssicherheit unserer Website verwendet werden. Lesen Sie mehr \u00fcber die Verwendung von Cookies in unserer Cookie-Richtlinie.<br \/>An unseren Produkten interessierte Personen \u2013 Personenbezogene Daten zum Zweck der Durchf\u00fchrung von Informationsaktivit\u00e4ten, des Online-Kaufs und der Lieferung kostenloser oder kommerzieller Produkte.<\/p>\n<p style=\"text-align: justify;\"><strong>Kategorien der verarbeiteten Daten<\/strong><\/p>\n<p style=\"text-align: justify;\">Navigationsdaten<br \/>Beim Besuch unseres Website-Servers werden f\u00fcr jeden Besucher Protokolle mit folgenden Daten erstellt:<\/p>\n<p style=\"text-align: justify;\">\u2013 Ihre Internet Protocol (IP)-Adresse;<br \/>\u2013 Das Ger\u00e4t, von dem aus Sie zugreifen, Typ und Modell;<br \/>\u2013 Ihr Betriebssystem;<br \/>\u2013 Art der Suchmaschine, Plugins und Version;<br \/>\u2013 Die Seiten, die Sie auf unserer Website besuchen, und die Zeit, die Sie auf jeder Seite verbringen;<br \/>\u2013 URL der Seite, die Sie auf unsere Website verwiesen hat;<br \/>\u2013 Die Sprache der von Ihnen verwendeten Suchmaschine;<br \/>\u2013 Land (bestimmt durch die IP-Adresse).<\/p>\n<p style=\"text-align: justify;\">Wir warten die Server selbstst\u00e4ndig und f\u00fchren alle Website-Aktivit\u00e4ten intern durch, einschlie\u00dflich der erstellten Protokolle und der Analyse der bei Besuchen auf unserer Website \u00fcbermittelten Daten.<\/p>\n<p style=\"text-align: justify;\"><strong>Daten, die Nutzer freiwillig \u00fcbermitteln<\/strong><\/p>\n<p style=\"text-align: justify;\">Personenbezogene Daten, die wir im Rahmen Ihres Besuchs auf unserer Website erheben, sind solche, die Sie uns freiwillig f\u00fcr bestimmte Zwecke mitteilen, damit wir unseren Verpflichtungen nachkommen k\u00f6nnen.<\/p>\n<p style=\"text-align: justify;\">Wir k\u00f6nnen eine der folgenden Kategorien personenbezogener Daten erfassen: Vor- und Nachname, Telefonnummer, E-Mail-Adresse, Adresse und zus\u00e4tzliche Informationen im Zusammenhang mit dem Prozess des Online-Verkaufs und der Lieferung unserer Produkte.<\/p>\n<p style=\"text-align: justify;\"><strong>Wie wir personenbezogene Daten erheben<\/strong><\/p>\n<p style=\"text-align: justify;\">Wir erfassen personenbezogene Daten durch Ihre Nutzung dieser Website, einschlie\u00dflich der Bewerbungsformulare, die Sie freiwillig ausf\u00fcllen;<\/p>\n<p style=\"text-align: justify;\"><strong>Die Kategorien der Benutzer personenbezogener Daten<\/strong><\/p>\n<p style=\"text-align: justify;\">Die T\u00e4tigkeiten zur Verarbeitung personenbezogener Daten im Zusammenhang mit den \u00fcber die Website von Dino&#8217;s Adventures verf\u00fcgbaren Online-Diensten werden von den f\u00fcr diese Dienste verantwortlichen Mitarbeitern oder den f\u00fcr die Durchf\u00fchrung der betreffenden T\u00e4tigkeiten verantwortlichen Personen durchgef\u00fchrt.<\/p>\n<p style=\"text-align: justify;\">Wir geben keine Daten \u00fcber Sie und\/oder Ihren Besuch auf unserer Website an Dritte weiter, au\u00dfer in den folgenden F\u00e4llen:<\/p>\n<p style=\"text-align: justify;\">&#8211; Im Falle der Beauftragung von Dienstleistern sind 2MD, wenn sie diese als Auftragsverarbeiter beauftragen, verpflichtet, gem\u00e4\u00df den Anweisungen von 2MD zu handeln und den Schutz der personenbezogenen Daten zu gew\u00e4hrleisten, die bei der Erbringung dieser Dienste verarbeitet werden.<br \/>&#8211; Auf Antrag des Gerichts, der Polizei oder anderer Beh\u00f6rden und Stellen zur Aus\u00fcbung ihrer Befugnisse und nur, wenn hierf\u00fcr eine Rechtsgrundlage besteht. Speicherdauer der erfassten Daten<br \/>Die von uns erhobenen Daten werden im Einklang mit den gesetzlichen Bestimmungen und der zur Erreichung des Verarbeitungszwecks erforderlichen Dauer gespeichert und durch die Aufbewahrungsfristen f\u00fcr personenbezogene Daten bestimmt.<\/p>\n<p style=\"text-align: justify;\"><strong>Welche Rechte haben Sie?<\/strong><\/p>\n<p style=\"text-align: justify;\">Ihre Rechte bez\u00fcglich der Verarbeitung personenbezogener Daten sind:<\/p>\n<p style=\"text-align: justify;\">&#8211; das Recht, \u00fcber die Verarbeitung personenbezogener Daten informiert zu werden<br \/>\u2013 Widerspruchsrecht<br \/>\u2013 das Recht, sich zu distanzieren<\/p>\n<p style=\"text-align: justify;\"><strong>Das Recht, sich von der Liste der regelm\u00e4\u00dfigen Benachrichtigungen abzumelden und die E-Mail-Adresse zu l\u00f6schen<\/strong><\/p>\n<p style=\"text-align: justify;\">Jeder Nutzer hat jederzeit das Recht, seine Einwilligung zum Direktmarketing zu erteilen oder zu widerrufen.<\/p>\n<p style=\"text-align: justify;\">Das Abbestellen von E-Mail-Benachrichtigungen ist sehr einfach. Am Ende jeder E-Mail-Nachricht, die Sie erhalten, befindet sich eine Schaltfl\u00e4che zum Abbestellen. Wenn Sie m\u00f6chten, dass Ihre E-Mail-Adresse vollst\u00e4ndig gel\u00f6scht wird, schreiben Sie eine E-Mail an info@dinosadventures.com, um sie vollst\u00e4ndig zu l\u00f6schen.<\/p>\n<p style=\"text-align: justify;\">F\u00fcr weitere Informationen und\/oder die Aus\u00fcbung Ihrer Rechte zum Schutz personenbezogener Daten k\u00f6nnen Sie sich an unseren Datenschutzbeauftragten wenden.<\/p>\n<p style=\"text-align: justify;\"><strong>Das Recht, eine Anfrage an MM Disoski zu richten<\/strong><\/p>\n<p style=\"text-align: justify;\">Wenn Sie der Meinung sind, dass die Art und Weise, wie 2MD Ihre personenbezogenen Daten verarbeitet, gegen die Bestimmungen des Gesetzes zum Schutz personenbezogener Daten verst\u00f6\u00dft, k\u00f6nnen Sie bei 2MD eine Anfrage stellen, die gem\u00e4\u00df Artikel auf die gleiche Weise wie jede andere eingereichte Anfrage behandelt wird 97 des Gesetzes zum Schutz personenbezogener Daten.<\/p>\n<p style=\"text-align: justify;\"><strong>\u00c4nderung der Datenschutzrichtlinie<\/strong><\/p>\n<p style=\"text-align: justify;\">Die Datenschutzerkl\u00e4rung wird entsprechend den \u00c4nderungen und unserer T\u00e4tigkeit regelm\u00e4\u00dfig ge\u00e4ndert und erg\u00e4nzt.<\/p>\n<\/div>\n<\/div>\n<\/div>\n<\/div>\n<\/div>\n<\/section>\n<\/div>\n<\/div>\n<\/div>\n<\/div>\n<\/div>\n<\/div>\n<\/div>\n<\/article>\n<p>[\/et_pb_text][\/et_pb_column][\/et_pb_row][\/et_pb_section]<\/p>\n","protected":false},"excerpt":{"rendered":"<p>DATENSCHUTZRICHTLINIE Diese Datenschutzerkl\u00e4rung enth\u00e4lt allgemeine Informationen \u00fcber die Verarbeitung personenbezogener Daten, wenn Sie diese Website besuchen und\/oder einen unserer Dienste dar\u00fcber nutzen. Wir erheben nur diejenigen personenbezogenen Daten, die zur Erf\u00fcllung unserer Verpflichtungen erforderlich sind. Verantwortlicher f\u00fcr die Erhebung personenbezogener Daten Der Verantwortliche f\u00fcr personenbezogene Daten ist MM Disoski (im Folgenden: 2MD) Prilep, Republik Nordmazedonien. [&hellip;]<\/p>\n","protected":false},"author":1,"featured_media":0,"parent":0,"menu_order":0,"comment_status":"closed","ping_status":"closed","template":"","meta":{"_et_pb_use_builder":"on","_et_pb_old_content":"","_et_gb_content_width":"","footnotes":""},"_links":{"self":[{"href":"https:\/\/dinosadventures.com\/de\/wp-json\/wp\/v2\/pages\/124"}],"collection":[{"href":"https:\/\/dinosadventures.com\/de\/wp-json\/wp\/v2\/pages"}],"about":[{"href":"https:\/\/dinosadventures.com\/de\/wp-json\/wp\/v2\/types\/page"}],"author":[{"embeddable":true,"href":"https:\/\/dinosadventures.com\/de\/wp-json\/wp\/v2\/users\/1"}],"replies":[{"embeddable":true,"href":"https:\/\/dinosadventures.com\/de\/wp-json\/wp\/v2\/comments?post=124"}],"version-history":[{"count":6,"href":"https:\/\/dinosadventures.com\/de\/wp-json\/wp\/v2\/pages\/124\/revisions"}],"predecessor-version":[{"id":462,"href":"https:\/\/dinosadventures.com\/de\/wp-json\/wp\/v2\/pages\/124\/revisions\/462"}],"wp:attachment":[{"href":"https:\/\/dinosadventures.com\/de\/wp-json\/wp\/v2\/media?parent=124"}],"curies":[{"name":"wp","href":"https:\/\/api.w.org\/{rel}","templated":true}]}}