{"id":229,"date":"2024-04-30T12:48:33","date_gmt":"2024-04-30T12:48:33","guid":{"rendered":"https:\/\/stage.dinosadventures.com\/de\/?page_id=229"},"modified":"2024-05-08T17:19:23","modified_gmt":"2024-05-08T17:19:23","slug":"help","status":"publish","type":"page","link":"https:\/\/dinosadventures.com\/de\/help\/","title":{"rendered":"Help"},"content":{"rendered":"<p>[et_pb_section fb_built=&#8221;1&#8243; _builder_version=&#8221;4.24.2&#8243; _module_preset=&#8221;default&#8221; global_colors_info=&#8221;{}&#8221; locked=&#8221;off&#8221; theme_builder_area=&#8221;post_content&#8221;][et_pb_row _builder_version=&#8221;4.24.2&#8243; _module_preset=&#8221;default&#8221; custom_padding=&#8221;||2px|||&#8221; global_colors_info=&#8221;{}&#8221; theme_builder_area=&#8221;post_content&#8221;][et_pb_column type=&#8221;4_4&#8243; _builder_version=&#8221;4.24.2&#8243; _module_preset=&#8221;default&#8221; global_colors_info=&#8221;{}&#8221; theme_builder_area=&#8221;post_content&#8221;][et_pb_heading title=&#8221;Die Abenteuer von Dino installieren&#8221; _builder_version=&#8221;4.24.2&#8243; _module_preset=&#8221;default&#8221; hover_enabled=&#8221;0&#8243; global_colors_info=&#8221;{}&#8221; sticky_enabled=&#8221;0&#8243; theme_builder_area=&#8221;post_content&#8221;][\/et_pb_heading][et_pb_text _builder_version=&#8221;4.24.2&#8243; _module_preset=&#8221;default&#8221; hover_enabled=&#8221;0&#8243; global_colors_info=&#8221;{}&#8221; sticky_enabled=&#8221;0&#8243; theme_builder_area=&#8221;post_content&#8221;]<\/p>\n<h5><strong>1. Melden Sie sich als Administrator an.<\/strong><\/h5>\n<p>Sie m\u00fcssen als Administrator angemeldet sein, um ein Programm mithilfe einer MSI-Datei zu installieren. Melden Sie sich entweder mit einem Administratorkonto bei Windows an oder wenden Sie sich an einen Systemadministrator.<\/p>\n<h5><strong>2. Navigieren Sie zur MSI-Datei (Die Abenteuer von Dino.msi).<\/strong><\/h5>\n<p>Navigieren Sie im Datei-Explorer zum Speicherort der MSI-Datei Die Abenteuer von Dino. Es handelt sich um eine Datei, die Sie aus dem Internet heruntergeladen haben und die sich h\u00f6chstwahrscheinlich in Ihrem Download-Ordner befindet.<\/p>\n<h5><strong>3. Doppelklicken Sie auf die Datei, um sie auszuf\u00fchren.<\/strong><\/h5>\n<p>Dadurch wird der Installationsassistent gestartet und mit der Installation des Programms begonnen. Wenn Sie dazu aufgefordert werden, klicken Sie im Best\u00e4tigungs-Popup auf \u201eAusf\u00fchren\u201c.<\/p>\n<h5><strong>4. Folgen Sie den Anweisungen des Installationsassistenten.<\/strong><\/h5>\n<p>Der Installationsassistent f\u00fchrt Sie durch die Einrichtung und Installation des Programms.<br \/>Die Installationsschritte k\u00f6nnen f\u00fcr verschiedene Programme variieren. M\u00f6glicherweise werden Sie aufgefordert, einen Installationsort auf Ihrem Computer auszuw\u00e4hlen.<\/p>\n<p>[\/et_pb_text][et_pb_heading title=&#8221;Schritt 1:&#8221; _builder_version=&#8221;4.24.2&#8243; _module_preset=&#8221;default&#8221; title_level=&#8221;h5&#8243; title_font=&#8221;|700|||||||&#8221; hover_enabled=&#8221;0&#8243; global_colors_info=&#8221;{}&#8221; sticky_enabled=&#8221;0&#8243; theme_builder_area=&#8221;post_content&#8221;][\/et_pb_heading][\/et_pb_column][\/et_pb_row][et_pb_row _builder_version=&#8221;4.24.2&#8243; _module_preset=&#8221;default&#8221; global_colors_info=&#8221;{}&#8221; theme_builder_area=&#8221;post_content&#8221;][et_pb_column type=&#8221;4_4&#8243; _builder_version=&#8221;4.24.2&#8243; _module_preset=&#8221;default&#8221; global_colors_info=&#8221;{}&#8221; theme_builder_area=&#8221;post_content&#8221;][et_pb_image src=&#8221;https:\/\/stage.dinosadventures.com\/rs\/wp-content\/uploads\/sites\/3\/2024\/05\/Install01Dino.png&#8221; title_text=&#8221;Install01Dino&#8221; _builder_version=&#8221;4.24.2&#8243; _module_preset=&#8221;default&#8221; custom_margin=&#8221;-17px|||||&#8221; global_colors_info=&#8221;{}&#8221; theme_builder_area=&#8221;post_content&#8221;][\/et_pb_image][et_pb_heading title=&#8221;Schritt 2:&#8221; _builder_version=&#8221;4.24.2&#8243; _module_preset=&#8221;default&#8221; title_level=&#8221;h5&#8243; title_font=&#8221;|700|||||||&#8221; hover_enabled=&#8221;0&#8243; global_colors_info=&#8221;{}&#8221; sticky_enabled=&#8221;0&#8243; theme_builder_area=&#8221;post_content&#8221;][\/et_pb_heading][et_pb_image src=&#8221;https:\/\/stage.dinosadventures.com\/de\/wp-content\/uploads\/sites\/5\/2024\/05\/Install02de.png&#8221; title_text=&#8221;Install02de&#8221; _builder_version=&#8221;4.24.2&#8243; _module_preset=&#8221;default&#8221; custom_margin=&#8221;-17px|||||&#8221; hover_enabled=&#8221;0&#8243; global_colors_info=&#8221;{}&#8221; sticky_enabled=&#8221;0&#8243; theme_builder_area=&#8221;post_content&#8221;][\/et_pb_image][et_pb_heading title=&#8221;Schritt 3:&#8221; _builder_version=&#8221;4.24.2&#8243; _module_preset=&#8221;default&#8221; title_level=&#8221;h5&#8243; title_font=&#8221;|700|||||||&#8221; hover_enabled=&#8221;0&#8243; global_colors_info=&#8221;{}&#8221; sticky_enabled=&#8221;0&#8243; theme_builder_area=&#8221;post_content&#8221;][\/et_pb_heading][et_pb_image src=&#8221;https:\/\/stage.dinosadventures.com\/de\/wp-content\/uploads\/sites\/5\/2024\/05\/Install01MSIde.png&#8221; title_text=&#8221;Install01MSIde&#8221; _builder_version=&#8221;4.24.2&#8243; _module_preset=&#8221;default&#8221; custom_margin=&#8221;-16px|||||&#8221; hover_enabled=&#8221;0&#8243; global_colors_info=&#8221;{}&#8221; sticky_enabled=&#8221;0&#8243; theme_builder_area=&#8221;post_content&#8221;][\/et_pb_image][et_pb_heading title=&#8221;Schritt 4:&#8221; _builder_version=&#8221;4.24.2&#8243; _module_preset=&#8221;default&#8221; title_level=&#8221;h5&#8243; title_font=&#8221;|700|||||||&#8221; hover_enabled=&#8221;0&#8243; global_colors_info=&#8221;{}&#8221; sticky_enabled=&#8221;0&#8243; theme_builder_area=&#8221;post_content&#8221;][\/et_pb_heading][et_pb_image src=&#8221;https:\/\/stage.dinosadventures.com\/de\/wp-content\/uploads\/sites\/5\/2024\/05\/Install02MSIde.png&#8221; title_text=&#8221;Install02MSIde&#8221; _builder_version=&#8221;4.24.2&#8243; _module_preset=&#8221;default&#8221; custom_margin=&#8221;-17px|||||&#8221; hover_enabled=&#8221;0&#8243; global_colors_info=&#8221;{}&#8221; sticky_enabled=&#8221;0&#8243; theme_builder_area=&#8221;post_content&#8221;][\/et_pb_image][et_pb_heading title=&#8221;Schritt 5:&#8221; _builder_version=&#8221;4.24.2&#8243; _module_preset=&#8221;default&#8221; title_level=&#8221;h5&#8243; title_font=&#8221;|700|||||||&#8221; hover_enabled=&#8221;0&#8243; global_colors_info=&#8221;{}&#8221; sticky_enabled=&#8221;0&#8243; theme_builder_area=&#8221;post_content&#8221;][\/et_pb_heading][et_pb_image src=&#8221;https:\/\/stage.dinosadventures.com\/de\/wp-content\/uploads\/sites\/5\/2024\/05\/Install03MSIde.png&#8221; title_text=&#8221;Install03MSIde&#8221; _builder_version=&#8221;4.24.2&#8243; _module_preset=&#8221;default&#8221; custom_margin=&#8221;-17px|||||&#8221; custom_padding=&#8221;4px|||||&#8221; hover_enabled=&#8221;0&#8243; global_colors_info=&#8221;{}&#8221; sticky_enabled=&#8221;0&#8243; theme_builder_area=&#8221;post_content&#8221;][\/et_pb_image][et_pb_heading title=&#8221;Schritt 6:&#8221; _builder_version=&#8221;4.24.2&#8243; _module_preset=&#8221;default&#8221; title_level=&#8221;h5&#8243; title_font=&#8221;|700|||||||&#8221; hover_enabled=&#8221;0&#8243; global_colors_info=&#8221;{}&#8221; sticky_enabled=&#8221;0&#8243; theme_builder_area=&#8221;post_content&#8221;][\/et_pb_heading][et_pb_image src=&#8221;https:\/\/stage.dinosadventures.com\/de\/wp-content\/uploads\/sites\/5\/2024\/05\/Install04MSIde.png&#8221; title_text=&#8221;Install04MSIde&#8221; _builder_version=&#8221;4.24.2&#8243; _module_preset=&#8221;default&#8221; custom_margin=&#8221;-17px|||||&#8221; custom_padding=&#8221;4px|||||&#8221; hover_enabled=&#8221;0&#8243; global_colors_info=&#8221;{}&#8221; sticky_enabled=&#8221;0&#8243; theme_builder_area=&#8221;post_content&#8221;][\/et_pb_image][et_pb_heading title=&#8221;Schritt 7:&#8221; _builder_version=&#8221;4.24.2&#8243; _module_preset=&#8221;default&#8221; title_level=&#8221;h5&#8243; title_font=&#8221;|700|||||||&#8221; hover_enabled=&#8221;0&#8243; global_colors_info=&#8221;{}&#8221; sticky_enabled=&#8221;0&#8243; theme_builder_area=&#8221;post_content&#8221;][\/et_pb_heading][et_pb_image src=&#8221;https:\/\/stage.dinosadventures.com\/de\/wp-content\/uploads\/sites\/5\/2024\/05\/Install05MSIde.png&#8221; title_text=&#8221;Install05MSIde&#8221; _builder_version=&#8221;4.24.2&#8243; _module_preset=&#8221;default&#8221; custom_margin=&#8221;-17px|||||&#8221; custom_padding=&#8221;4px|||||&#8221; hover_enabled=&#8221;0&#8243; global_colors_info=&#8221;{}&#8221; sticky_enabled=&#8221;0&#8243; theme_builder_area=&#8221;post_content&#8221;][\/et_pb_image][et_pb_heading title=&#8221;Schritt 8:&#8221; _builder_version=&#8221;4.24.2&#8243; _module_preset=&#8221;default&#8221; title_level=&#8221;h5&#8243; title_font=&#8221;|700|||||||&#8221; hover_enabled=&#8221;0&#8243; global_colors_info=&#8221;{}&#8221; sticky_enabled=&#8221;0&#8243; theme_builder_area=&#8221;post_content&#8221;][\/et_pb_heading][et_pb_image src=&#8221;https:\/\/stage.dinosadventures.com\/de\/wp-content\/uploads\/sites\/5\/2024\/05\/Install06MSIde.png&#8221; title_text=&#8221;Install06MSIde&#8221; _builder_version=&#8221;4.24.2&#8243; _module_preset=&#8221;default&#8221; custom_margin=&#8221;-17px|||||&#8221; custom_padding=&#8221;4px|||||&#8221; hover_enabled=&#8221;0&#8243; global_colors_info=&#8221;{}&#8221; sticky_enabled=&#8221;0&#8243; theme_builder_area=&#8221;post_content&#8221;][\/et_pb_image][\/et_pb_column][\/et_pb_row][\/et_pb_section]<\/p>\n","protected":false},"excerpt":{"rendered":"<p>1. Melden Sie sich als Administrator an. Sie m\u00fcssen als Administrator angemeldet sein, um ein Programm mithilfe einer MSI-Datei zu installieren. Melden Sie sich entweder mit einem Administratorkonto bei Windows an oder wenden Sie sich an einen Systemadministrator. 2. Navigieren Sie zur MSI-Datei (Die Abenteuer von Dino.msi). Navigieren Sie im Datei-Explorer zum Speicherort der MSI-Datei [&hellip;]<\/p>\n","protected":false},"author":1,"featured_media":0,"parent":0,"menu_order":0,"comment_status":"closed","ping_status":"closed","template":"","meta":{"_et_pb_use_builder":"on","_et_pb_old_content":"<!-- wp:divi\/placeholder \/-->","_et_gb_content_width":"","footnotes":""},"_links":{"self":[{"href":"https:\/\/dinosadventures.com\/de\/wp-json\/wp\/v2\/pages\/229"}],"collection":[{"href":"https:\/\/dinosadventures.com\/de\/wp-json\/wp\/v2\/pages"}],"about":[{"href":"https:\/\/dinosadventures.com\/de\/wp-json\/wp\/v2\/types\/page"}],"author":[{"embeddable":true,"href":"https:\/\/dinosadventures.com\/de\/wp-json\/wp\/v2\/users\/1"}],"replies":[{"embeddable":true,"href":"https:\/\/dinosadventures.com\/de\/wp-json\/wp\/v2\/comments?post=229"}],"version-history":[{"count":4,"href":"https:\/\/dinosadventures.com\/de\/wp-json\/wp\/v2\/pages\/229\/revisions"}],"predecessor-version":[{"id":242,"href":"https:\/\/dinosadventures.com\/de\/wp-json\/wp\/v2\/pages\/229\/revisions\/242"}],"wp:attachment":[{"href":"https:\/\/dinosadventures.com\/de\/wp-json\/wp\/v2\/media?parent=229"}],"curies":[{"name":"wp","href":"https:\/\/api.w.org\/{rel}","templated":true}]}}