{"id":347,"date":"2025-07-27T11:57:10","date_gmt":"2025-07-27T11:57:10","guid":{"rendered":"https:\/\/dinosadventures.com\/de\/?page_id=347"},"modified":"2025-09-05T23:24:54","modified_gmt":"2025-09-05T23:24:54","slug":"leitfaden-fur-eltern-ebook","status":"publish","type":"page","link":"https:\/\/dinosadventures.com\/de\/leitfaden-fur-eltern-ebook\/","title":{"rendered":"Leitfaden f\u00fcr Eltern Ebook"},"content":{"rendered":"<p>[et_pb_section fb_built=&#8221;1&#8243; _builder_version=&#8221;4.24.2&#8243; _module_preset=&#8221;default&#8221; locked=&#8221;off&#8221; global_colors_info=&#8221;{}&#8221;][et_pb_row column_structure=&#8221;1_2,1_2&#8243; _builder_version=&#8221;4.24.2&#8243; _module_preset=&#8221;default&#8221; global_colors_info=&#8221;{}&#8221;][et_pb_column type=&#8221;1_2&#8243; _builder_version=&#8221;4.24.2&#8243; _module_preset=&#8221;default&#8221; global_colors_info=&#8221;{}&#8221;][et_pb_image src=&#8221;https:\/\/dinosadventures.com\/de\/wp-content\/uploads\/sites\/5\/2025\/07\/CoverDE.jpg&#8221; title_text=&#8221;CoverDE&#8221; _builder_version=&#8221;4.24.2&#8243; _module_preset=&#8221;default&#8221; width=&#8221;77%&#8221; module_alignment=&#8221;left&#8221; border_width_all=&#8221;2px&#8221; global_colors_info=&#8221;{}&#8221;][\/et_pb_image][\/et_pb_column][et_pb_column type=&#8221;1_2&#8243; _builder_version=&#8221;4.24.2&#8243; _module_preset=&#8221;default&#8221; global_colors_info=&#8221;{}&#8221;][et_pb_text _builder_version=&#8221;4.24.2&#8243; _module_preset=&#8221;default&#8221; hover_enabled=&#8221;0&#8243; global_colors_info=&#8221;{}&#8221; sticky_enabled=&#8221;0&#8243; custom_margin=&#8221;||21px|||&#8221;]<\/p>\n<h2>Der kostenlose Eltern-Guide: Smart Screen Time f\u00fcr dein Kind<\/h2>\n<p>[\/et_pb_text][et_pb_text _builder_version=&#8221;4.24.2&#8243; _module_preset=&#8221;default&#8221; hover_enabled=&#8221;0&#8243; sticky_enabled=&#8221;0&#8243; custom_margin=&#8221;||12px|||&#8221;]<\/p>\n<p>Schluss mit Schuldgef\u00fchlen. Dieser Guide zeigt dir, wie du Bildschirmzeit in wertvolle Familienzeit verwandelst. \u00dcber 3.000 Eltern nutzen ihn bereits &#8211; hol dir dein Exemplar gratis.<\/p>\n<p>[\/et_pb_text][et_pb_text _builder_version=&#8221;4.24.2&#8243; _module_preset=&#8221;default&#8221; global_colors_info=&#8221;{}&#8221; custom_margin=&#8221;||29px|||&#8221;]<\/p>\n<p>\u2705 Expertentipps<br \/>\u2705 Forschungsgest\u00fctzte Strategien<br \/>\u2705 Kein Spam, nur wertvolle Ratschl\u00e4ge<\/p>\n<p>[\/et_pb_text][et_pb_code _builder_version=&#8221;4.24.2&#8243; _module_preset=&#8221;default&#8221; custom_margin=&#8221;18px|||||&#8221; global_colors_info=&#8221;{}&#8221;]<link href=\"https:\/\/mailer.2md.mk\/css\/embedded.css\" rel=\"stylesheet\" type=\"text\/css\"><!-- [et_pb_line_break_holder] --><\/p>\n<style>.subscribe-embedded-form{color: #333}.subscribe-embedded-form label{color: #555}<\/style>\n<p><!-- [et_pb_line_break_holder] --><\/p>\n<div class=\"subscribe-embedded-form\"><!-- [et_pb_line_break_holder] --><\/p>\n<h4>Laden Sie Ihren kostenlosen Leitfaden herunter!<\/h2>\n<p><!-- [et_pb_line_break_holder] --><pee class=\"text-sm text-right\"><!-- [et_pb_line_break_holder] --><span class=\"text-danger\">*<\/span> Pflichtfeld<\/pee><!-- [et_pb_line_break_holder] --><\/p>\n<form action=\"https:\/\/mailer.2md.mk\/lists\/6886170a39dc9\/embedded-form-subscribe-captcha\" method=\"POST\" class=\"form-validate-jqueryz\"><!-- [et_pb_line_break_holder] --><\/p>\n<div class=\"form-group control-text\"><!-- [et_pb_line_break_holder] --><label> Email <span class=\"text-danger\">*<\/span><!-- [et_pb_line_break_holder] --><\/label><!-- [et_pb_line_break_holder] --><input id=\"EMAIL\" placeholder=\"\" value=\"\" type=\"text\" name=\"EMAIL\" class=\"form-control required email \"><!-- [et_pb_line_break_holder] --><\/div>\n<p><!-- [et_pb_line_break_holder] --><\/p>\n<div class=\"form-group control-text\"><!-- [et_pb_line_break_holder] --><label> Vorname <\/label><!-- [et_pb_line_break_holder] --><input id=\"FIRST_NAME\" placeholder=\"\" value=\"\" type=\"text\" name=\"FIRST_NAME\" class=\"form-control \"><!-- [et_pb_line_break_holder] --><\/div>\n<p><!-- [et_pb_line_break_holder] --><\/p>\n<div class=\"form-button\"><!-- [et_pb_line_break_holder] --><button class=\"btn btn-primary\">Download<\/button><!-- [et_pb_line_break_holder] --><\/div>\n<p><!-- [et_pb_line_break_holder] --><\/form>\n<p><!-- [et_pb_line_break_holder] --><\/div>\n<p><!-- [et_pb_line_break_holder] --><link href=\"https:\/\/mailer.2md.mk\/assets\/css\/icons\/icomoon\/styles.css\" rel=\"stylesheet\" type=\"text\/css\"><!-- [et_pb_line_break_holder] --><link href=\"https:\/\/mailer.2md.mk\/assets\/css\/components.css\" rel=\"stylesheet\" type=\"text\/css\"><!-- [et_pb_line_break_holder] --><link href=\"https:\/\/mailer.2md.mk\/css\/app.css?v=4.0.22-p2\" rel=\"stylesheet\" type=\"text\/css\">[\/et_pb_code][\/et_pb_column][\/et_pb_row][\/et_pb_section]<\/p>\n","protected":false},"excerpt":{"rendered":"<p>Der kostenlose Eltern-Guide: Smart Screen Time f\u00fcr dein KindSchluss mit Schuldgef\u00fchlen. Dieser Guide zeigt dir, wie du Bildschirmzeit in wertvolle Familienzeit verwandelst. \u00dcber 3.000 Eltern nutzen ihn bereits &#8211; hol dir dein Exemplar gratis.\u2705 Expertentipps\u2705 Forschungsgest\u00fctzte Strategien\u2705 Kein Spam, nur wertvolle Ratschl\u00e4ge<\/p>\n","protected":false},"author":1,"featured_media":0,"parent":0,"menu_order":0,"comment_status":"closed","ping_status":"closed","template":"","meta":{"_et_pb_use_builder":"on","_et_pb_old_content":"<!-- wp:divi\/placeholder \/-->","_et_gb_content_width":"","footnotes":""},"_links":{"self":[{"href":"https:\/\/dinosadventures.com\/de\/wp-json\/wp\/v2\/pages\/347"}],"collection":[{"href":"https:\/\/dinosadventures.com\/de\/wp-json\/wp\/v2\/pages"}],"about":[{"href":"https:\/\/dinosadventures.com\/de\/wp-json\/wp\/v2\/types\/page"}],"author":[{"embeddable":true,"href":"https:\/\/dinosadventures.com\/de\/wp-json\/wp\/v2\/users\/1"}],"replies":[{"embeddable":true,"href":"https:\/\/dinosadventures.com\/de\/wp-json\/wp\/v2\/comments?post=347"}],"version-history":[{"count":6,"href":"https:\/\/dinosadventures.com\/de\/wp-json\/wp\/v2\/pages\/347\/revisions"}],"predecessor-version":[{"id":379,"href":"https:\/\/dinosadventures.com\/de\/wp-json\/wp\/v2\/pages\/347\/revisions\/379"}],"wp:attachment":[{"href":"https:\/\/dinosadventures.com\/de\/wp-json\/wp\/v2\/media?parent=347"}],"curies":[{"name":"wp","href":"https:\/\/api.w.org\/{rel}","templated":true}]}}