{"id":364,"date":"2025-07-27T14:57:53","date_gmt":"2025-07-27T14:57:53","guid":{"rendered":"https:\/\/dinosadventures.com\/de\/?page_id=364"},"modified":"2025-07-27T15:33:56","modified_gmt":"2025-07-27T15:33:56","slug":"minikurs","status":"publish","type":"page","link":"https:\/\/dinosadventures.com\/de\/minikurs\/","title":{"rendered":"minikurs"},"content":{"rendered":"<p>[et_pb_section fb_built=&#8221;1&#8243; _builder_version=&#8221;4.24.2&#8243; _module_preset=&#8221;default&#8221; locked=&#8221;off&#8221; global_colors_info=&#8221;{}&#8221;][et_pb_row column_structure=&#8221;1_2,1_2&#8243; _builder_version=&#8221;4.24.2&#8243; _module_preset=&#8221;default&#8221; global_colors_info=&#8221;{}&#8221;][et_pb_column type=&#8221;1_2&#8243; _builder_version=&#8221;4.24.2&#8243; _module_preset=&#8221;default&#8221; global_colors_info=&#8221;{}&#8221;][et_pb_text _builder_version=&#8221;4.24.2&#8243; _module_preset=&#8221;default&#8221; global_colors_info=&#8221;{}&#8221;]<\/p>\n<h2><strong>Kostenloser Minikurs \u2013 Entdecken Sie das Geheimnis des spielerischen Lernens!<\/strong><\/h2>\n<p>[\/et_pb_text][et_pb_text _builder_version=&#8221;4.24.2&#8243; _module_preset=&#8221;default&#8221; global_colors_info=&#8221;{}&#8221;]<\/p>\n<p>Entdecken Sie unterhaltsame, von Experten unterst\u00fctzte Strategien, die Ihrem Kind spielerisches Lernen erm\u00f6glichen!<\/p>\n<p>[\/et_pb_text][et_pb_code _builder_version=&#8221;4.24.2&#8243; _module_preset=&#8221;default&#8221; hover_enabled=&#8221;0&#8243; global_colors_info=&#8221;{}&#8221; sticky_enabled=&#8221;0&#8243;]<link href=\"https:\/\/mailer.2md.mk\/css\/embedded.css\" rel=\"stylesheet\" type=\"text\/css\"><!-- [et_pb_line_break_holder] --><\/p>\n<style>.subscribe-embedded-form{color: #333}.subscribe-embedded-form label{color: #555}<\/style>\n<p><!-- [et_pb_line_break_holder] --><\/p>\n<div class=\"subscribe-embedded-form\"><!-- [et_pb_line_break_holder] --><\/p>\n<h4>Starten Sie noch heute!<\/h2>\n<p><!-- [et_pb_line_break_holder] --><pee class=\"text-sm text-right\"><!-- [et_pb_line_break_holder] --><span class=\"text-danger\">*<\/span> erforderlich<\/pee><!-- [et_pb_line_break_holder] --><\/p>\n<form action=\"https:\/\/mailer.2md.mk\/lists\/688626afc0a88\/embedded-form-subscribe-captcha\" method=\"POST\" class=\"form-validate-jqueryz\"><!-- [et_pb_line_break_holder] --><\/p>\n<div class=\"form-group control-text\"><!-- [et_pb_line_break_holder] --><label> Email <span class=\"text-danger\">*<\/span><!-- [et_pb_line_break_holder] --><\/label><!-- [et_pb_line_break_holder] --><input id=\"EMAIL\" placeholder=\"\" value=\"\" type=\"text\" name=\"EMAIL\" class=\"form-control required email \"><!-- [et_pb_line_break_holder] --><\/div>\n<p><!-- [et_pb_line_break_holder] --><\/p>\n<div class=\"form-group control-text\"><!-- [et_pb_line_break_holder] --><label> Vorname <\/label><!-- [et_pb_line_break_holder] --><input id=\"FIRST_NAME\" placeholder=\"\" value=\"\" type=\"text\" name=\"FIRST_NAME\" class=\"form-control \"><!-- [et_pb_line_break_holder] --><\/div>\n<p><!-- [et_pb_line_break_holder] --><\/p>\n<div class=\"form-button\"><!-- [et_pb_line_break_holder] --><button class=\"btn btn-primary\">Registrieren<\/button><!-- [et_pb_line_break_holder] --><\/div>\n<p><!-- [et_pb_line_break_holder] --><\/form>\n<p><!-- [et_pb_line_break_holder] --><\/div>\n<p><!-- [et_pb_line_break_holder] --><link href=\"https:\/\/mailer.2md.mk\/assets\/css\/icons\/icomoon\/styles.css\" rel=\"stylesheet\" type=\"text\/css\"><!-- [et_pb_line_break_holder] --><link href=\"https:\/\/mailer.2md.mk\/assets\/css\/components.css\" rel=\"stylesheet\" type=\"text\/css\"><!-- [et_pb_line_break_holder] --><link href=\"https:\/\/mailer.2md.mk\/css\/app.css?v=4.0.22-p2\" rel=\"stylesheet\" type=\"text\/css\">[\/et_pb_code][\/et_pb_column][et_pb_column type=&#8221;1_2&#8243; _builder_version=&#8221;4.24.2&#8243; _module_preset=&#8221;default&#8221; global_colors_info=&#8221;{}&#8221;][et_pb_image src=&#8221;https:\/\/dinosadventures.com\/hr\/wp-content\/uploads\/sites\/4\/2025\/02\/minitecaj.webp&#8221; title_text=&#8221;minitecaj&#8221; _builder_version=&#8221;4.24.2&#8243; _module_preset=&#8221;default&#8221; global_colors_info=&#8221;{}&#8221;][\/et_pb_image][\/et_pb_column][\/et_pb_row][et_pb_row _builder_version=&#8221;4.24.2&#8243; _module_preset=&#8221;default&#8221; global_colors_info=&#8221;{}&#8221;][et_pb_column type=&#8221;4_4&#8243; _builder_version=&#8221;4.24.2&#8243; _module_preset=&#8221;default&#8221; global_colors_info=&#8221;{}&#8221;][et_pb_divider _builder_version=&#8221;4.24.2&#8243; _module_preset=&#8221;default&#8221; global_colors_info=&#8221;{}&#8221;][\/et_pb_divider][\/et_pb_column][\/et_pb_row][et_pb_row column_structure=&#8221;1_3,1_3,1_3&#8243; _builder_version=&#8221;4.24.2&#8243; _module_preset=&#8221;default&#8221; custom_padding=&#8221;0px||0px|||&#8221; global_colors_info=&#8221;{}&#8221;][et_pb_column type=&#8221;1_3&#8243; _builder_version=&#8221;4.24.2&#8243; _module_preset=&#8221;default&#8221; global_colors_info=&#8221;{}&#8221;][et_pb_blurb title=&#8221;Von Experten gepr\u00fcftes Lernen&#8221; use_icon=&#8221;on&#8221; font_icon=&#8221;&#xf5da;||fa||900&#8243; image_icon_width=&#8221;60px&#8221; _builder_version=&#8221;4.24.2&#8243; _module_preset=&#8221;default&#8221; header_text_align=&#8221;center&#8221; global_colors_info=&#8221;{}&#8221;][\/et_pb_blurb][\/et_pb_column][et_pb_column type=&#8221;1_3&#8243; _builder_version=&#8221;4.24.2&#8243; _module_preset=&#8221;default&#8221; global_colors_info=&#8221;{}&#8221;][et_pb_blurb title=&#8221;F\u00fcr 4- bis 6-J\u00e4hrige&#8221; use_icon=&#8221;on&#8221; font_icon=&#8221;&#xf1ae;||fa||900&#8243; image_icon_width=&#8221;60px&#8221; _builder_version=&#8221;4.24.2&#8243; _module_preset=&#8221;default&#8221; header_text_align=&#8221;center&#8221; global_colors_info=&#8221;{}&#8221;][\/et_pb_blurb][\/et_pb_column][et_pb_column type=&#8221;1_3&#8243; _builder_version=&#8221;4.24.2&#8243; _module_preset=&#8221;default&#8221; global_colors_info=&#8221;{}&#8221;][et_pb_blurb title=&#8221;100 % kostenloser Minikurs&#8221; use_icon=&#8221;on&#8221; font_icon=&#8221;&#xf19d;||fa||900&#8243; image_icon_width=&#8221;60px&#8221; _builder_version=&#8221;4.24.2&#8243; _module_preset=&#8221;default&#8221; header_text_align=&#8221;center&#8221; global_colors_info=&#8221;{}&#8221;][\/et_pb_blurb][\/et_pb_column][\/et_pb_row][et_pb_row _builder_version=&#8221;4.24.2&#8243; _module_preset=&#8221;default&#8221; custom_padding=&#8221;16px||11px|||&#8221; global_colors_info=&#8221;{}&#8221;][et_pb_column type=&#8221;4_4&#8243; _builder_version=&#8221;4.24.2&#8243; _module_preset=&#8221;default&#8221; global_colors_info=&#8221;{}&#8221;][et_pb_divider _builder_version=&#8221;4.24.2&#8243; _module_preset=&#8221;default&#8221; global_colors_info=&#8221;{}&#8221;][\/et_pb_divider][\/et_pb_column][\/et_pb_row][et_pb_row column_structure=&#8221;1_2,1_2&#8243; _builder_version=&#8221;4.24.2&#8243; _module_preset=&#8221;default&#8221; custom_padding=&#8221;0px|||||&#8221; global_colors_info=&#8221;{}&#8221;][et_pb_column type=&#8221;1_2&#8243; _builder_version=&#8221;4.24.2&#8243; _module_preset=&#8221;default&#8221; global_colors_info=&#8221;{}&#8221;][et_pb_text _builder_version=&#8221;4.24.2&#8243; _module_preset=&#8221;default&#8221; custom_padding=&#8221;33px|||||&#8221; global_colors_info=&#8221;{}&#8221;]<\/p>\n<h4>Was Sie in diesem kostenlosen 5-t\u00e4gigen Minikurs erwartet<\/h4>\n<p><strong><\/strong><\/p>\n<p>\ud83d\udca1 Tag 1: Die Wissenschaft hinter spielerischem Lernen<\/p>\n<p>\ud83d\udca1 Tag 2: Bildschirmzeit und Lernen in Einklang bringen<\/p>\n<p>\ud83d\udca1 Tag 3: 3 einfache Lernaktivit\u00e4ten f\u00fcr zu Hause<\/p>\n<p>\ud83d\udca1 Tag 4: Soziale und emotionale Kompetenzen spielerisch entwickeln<\/p>\n<p>\ud83d\udca1 Tag 5: Spielendes Lernen zur t\u00e4glichen Gewohnheit machen<\/p>\n<p>[\/et_pb_text][\/et_pb_column][et_pb_column type=&#8221;1_2&#8243; _builder_version=&#8221;4.24.2&#8243; _module_preset=&#8221;default&#8221; global_colors_info=&#8221;{}&#8221;][et_pb_image src=&#8221;https:\/\/dinosadventures.com\/hr\/wp-content\/uploads\/sites\/4\/2025\/02\/minitecaj.png&#8221; title_text=&#8221;minitecaj%93&#8243; _builder_version=&#8221;4.24.2&#8243; _module_preset=&#8221;default&#8221; global_colors_info=&#8221;{}&#8221;][\/et_pb_image][\/et_pb_column][\/et_pb_row][et_pb_row _builder_version=&#8221;4.24.2&#8243; _module_preset=&#8221;default&#8221; global_colors_info=&#8221;{}&#8221;][et_pb_column type=&#8221;4_4&#8243; _builder_version=&#8221;4.24.2&#8243; _module_preset=&#8221;default&#8221; global_colors_info=&#8221;{}&#8221;][et_pb_divider _builder_version=&#8221;4.24.2&#8243; _module_preset=&#8221;default&#8221; global_colors_info=&#8221;{}&#8221;][\/et_pb_divider][\/et_pb_column][\/et_pb_row][et_pb_row column_structure=&#8221;1_2,1_2&#8243; _builder_version=&#8221;4.24.2&#8243; _module_preset=&#8221;default&#8221; custom_margin=&#8221;-4px|auto||auto||&#8221; custom_padding=&#8221;3px|||||&#8221; global_colors_info=&#8221;{}&#8221;][et_pb_column type=&#8221;1_2&#8243; _builder_version=&#8221;4.24.2&#8243; _module_preset=&#8221;default&#8221; global_colors_info=&#8221;{}&#8221;][et_pb_text _builder_version=&#8221;4.24.2&#8243; _module_preset=&#8221;default&#8221; global_colors_info=&#8221;{}&#8221;]<\/p>\n<p><strong>Lernt Ihr Kind optimal?<\/strong><\/p>\n<p>\u2705 Spielen f\u00f6rdert Probleml\u00f6sung und Kreativit\u00e4t<\/p>\n<p>\u2705 St\u00e4rkt Selbstvertrauen und soziale Kompetenzen<\/p>\n<p>\u2705 F\u00f6rdert die Freude am Lernen \u2013 ganz ohne Stress<\/p>\n<p>\u00a0\ud83d\udca1 Stellen Sie sich vor, Ihr Kind lernt spielerisch \u2013 ohne Arbeitsbl\u00e4tter, ohne Druck!\u201c<\/p>\n<p>[\/et_pb_text][\/et_pb_column][et_pb_column type=&#8221;1_2&#8243; _builder_version=&#8221;4.24.2&#8243; _module_preset=&#8221;default&#8221; global_colors_info=&#8221;{}&#8221;][et_pb_text _builder_version=&#8221;4.24.2&#8243; _module_preset=&#8221;default&#8221; global_colors_info=&#8221;{}&#8221;]<\/p>\n<p><strong>Perfekt f\u00fcr Eltern, die\u2026<\/strong><\/p>\n<p>\u2705 Spielzeit in Lernzeit verwandeln m\u00f6chten<\/p>\n<p>\u2705 Sich wegen zu viel Bildschirmzeit schuldig f\u00fchlen und diese produktiv nutzen m\u00f6chten<\/p>\n<p>\u2705 Lust auf unterhaltsame und stressfreie Lernaktivit\u00e4ten f\u00fcr Ihr Kind haben<\/p>\n<p>\u2705 Die Fortschritte Ihres Kindes spielerisch miterleben m\u00f6chten<\/p>\n<p>[\/et_pb_text][\/et_pb_column][\/et_pb_row][\/et_pb_section]<\/p>\n","protected":false},"excerpt":{"rendered":"<p>Kostenloser Minikurs \u2013 Entdecken Sie das Geheimnis des spielerischen Lernens!Entdecken Sie unterhaltsame, von Experten unterst\u00fctzte Strategien, die Ihrem Kind spielerisches Lernen erm\u00f6glichen!Was Sie in diesem kostenlosen 5-t\u00e4gigen Minikurs erwartet \ud83d\udca1 Tag 1: Die Wissenschaft hinter spielerischem Lernen \ud83d\udca1 Tag 2: Bildschirmzeit und Lernen in Einklang bringen \ud83d\udca1 Tag 3: 3 einfache Lernaktivit\u00e4ten f\u00fcr zu Hause [&hellip;]<\/p>\n","protected":false},"author":1,"featured_media":0,"parent":0,"menu_order":0,"comment_status":"closed","ping_status":"closed","template":"","meta":{"_et_pb_use_builder":"on","_et_pb_old_content":"","_et_gb_content_width":"","footnotes":""},"_links":{"self":[{"href":"https:\/\/dinosadventures.com\/de\/wp-json\/wp\/v2\/pages\/364"}],"collection":[{"href":"https:\/\/dinosadventures.com\/de\/wp-json\/wp\/v2\/pages"}],"about":[{"href":"https:\/\/dinosadventures.com\/de\/wp-json\/wp\/v2\/types\/page"}],"author":[{"embeddable":true,"href":"https:\/\/dinosadventures.com\/de\/wp-json\/wp\/v2\/users\/1"}],"replies":[{"embeddable":true,"href":"https:\/\/dinosadventures.com\/de\/wp-json\/wp\/v2\/comments?post=364"}],"version-history":[{"count":5,"href":"https:\/\/dinosadventures.com\/de\/wp-json\/wp\/v2\/pages\/364\/revisions"}],"predecessor-version":[{"id":372,"href":"https:\/\/dinosadventures.com\/de\/wp-json\/wp\/v2\/pages\/364\/revisions\/372"}],"wp:attachment":[{"href":"https:\/\/dinosadventures.com\/de\/wp-json\/wp\/v2\/media?parent=364"}],"curies":[{"name":"wp","href":"https:\/\/api.w.org\/{rel}","templated":true}]}}