{"id":120,"date":"2024-03-23T13:01:24","date_gmt":"2024-03-23T13:01:24","guid":{"rendered":"https:\/\/stage.dinosadventures.com\/hr\/?page_id=120"},"modified":"2024-04-03T10:08:41","modified_gmt":"2024-04-03T10:08:41","slug":"terms-of-use","status":"publish","type":"page","link":"https:\/\/dinosadventures.com\/hr\/terms-of-use\/","title":{"rendered":"terms of use"},"content":{"rendered":"<p>[et_pb_section fb_built=&#8221;1&#8243; _builder_version=&#8221;4.24.2&#8243; _module_preset=&#8221;default&#8221; global_colors_info=&#8221;{}&#8221;][et_pb_row _builder_version=&#8221;4.24.2&#8243; _module_preset=&#8221;default&#8221; global_colors_info=&#8221;{}&#8221;][et_pb_column type=&#8221;4_4&#8243; _builder_version=&#8221;4.24.2&#8243; _module_preset=&#8221;default&#8221; global_colors_info=&#8221;{}&#8221;][et_pb_text _builder_version=&#8221;4.24.2&#8243; _module_preset=&#8221;default&#8221; hover_enabled=&#8221;0&#8243; global_colors_info=&#8221;{}&#8221; sticky_enabled=&#8221;0&#8243;]<\/p>\n<header class=\"title-bar outside title_bar_variant_classic title_bar_width_ has-effect\">\n<div class=\"overlay-color\">\n<div class=\"in\">\n<div class=\"titles\">\n<h1 class=\"page-title entry-title\" itemprop=\"headline\">UVJETI KORI\u0160TENJA<\/h1>\n<\/div>\n<\/div>\n<\/div>\n<\/header>\n<article id=\"content\" class=\"clearfix\" itemtype=\"https:\/\/schema.org\/CreativeWork\" itemscope=\"\">\n<div class=\"content-limiter\">\n<div id=\"col-mask\">\n<div id=\"post-12254\" class=\"content-box post-12254 page type-page status-publish\">\n<div class=\"formatter\">\n<div class=\"real-content\" itemprop=\"text\">\n<div data-elementor-type=\"wp-page\" data-elementor-id=\"12254\" class=\"elementor elementor-12254\" data-elementor-settings=\"[]\">\n<div class=\"elementor-section-wrap\">\n<section class=\"elementor-section elementor-top-section elementor-element elementor-element-231564b elementor-section-boxed elementor-section-height-default elementor-section-height-default\" data-id=\"231564b\" data-element_type=\"section\">\n<div class=\"elementor-container elementor-column-gap-default\">\n<div class=\"elementor-column elementor-col-100 elementor-top-column elementor-element elementor-element-23251cd\" data-id=\"23251cd\" data-element_type=\"column\">\n<div class=\"elementor-widget-wrap elementor-element-populated\">\n<div class=\"elementor-element elementor-element-6c11c4d elementor-widget elementor-widget-text-editor\" data-id=\"6c11c4d\" data-element_type=\"widget\" data-widget_type=\"text-editor.default\">\n<div class=\"elementor-widget-container\">\n<p>A\u017eurirano: 01.02.2024<\/p>\n<p>&nbsp;<\/p>\n<p>Ovim uvjetima kori\u0161tenja web stranice dinosadventures.com te njenih usluga i funkcionalnosti (u daljnjem tekstu: Uvjeti kori\u0161tenja) definirana su prava i obveze kori\u0161tenja web stranice dinosadventures.com.<\/p>\n<p>Svako automatsko preuzimanje podataka s web stranice dinosadventures.com i njezine baze strogo je zabranjeno.<\/p>\n<p>Pravo kori\u0161tenja dinosadventures.com je osobno i nije prenosivo na bilo koju drugu osobu ili entitet. Korisnik je svjestan i svjestan da iako je internet op\u0107enito sigurno mjesto, ponekad dolazi do prekida usluge ili doga\u0111aja koji su izvan kontrole MM Disoski, te MM Disoski nije odgovoran za bilo kakve podatke izgubljene tijekom prijenosa informacija putem interneta. Iako je cilj MM Disoskog da dinosadventures.com bude dostupan 24\/7, stranica mo\u017ee biti nedostupna s vremena na vrijeme iz bilo kojeg razloga, uklju\u010duju\u0107i, bez ograni\u010denja, rutinsko odr\u017eavanje. Korisnik razumije i prihva\u0107a da ovisno o okolnostima, unutar i izvan kontrole MM Disoski, pristup dinosadventures.com mo\u017ee biti ukinut ili obustavljen s vremena na vrijeme.<\/p>\n<p>MM Disoski mo\u017ee promijeniti ove Uvjete kori\u0161tenja pisanim ili elektroni\u010dkim dokumentom. U tom slu\u010daju MM Disoski \u0107e svoje korisnike obavijestiti o promjeni na prikladan na\u010din, odnosno putem obavijesti putem dinosadventures.com, najkasnije 7 dana prije stupanja promjene na snagu. Svaki korisnik pristaje na ovakav na\u010din obavijesti o promjenama Uvjeta kori\u0161tenja.<\/p>\n<p>Svaki korisnik je u potpunosti odgovoran za svoje postupke prilikom kori\u0161tenja dinosadventures.com i softverske aplikacije Dinosadventures. Svaki se korisnik tako\u0111er sla\u017ee da \u0107e obe\u0161tetiti i osloboditi odgovornosti MM Disoski i njegove slu\u017ebenike i zaposlenike od svih zahtjeva za naknadu \u0161tete i tro\u0161kova, uklju\u010duju\u0107i pravne tro\u0161kove, koji mogu proiza\u0107i iz upotrebe ove web stranice i softverske aplikacije Dean&#8217;s Adventure od strane krajnjeg korisnika, kao kao i kr\u0161enje Uvjeta kori\u0161tenja.<\/p>\n<p>Svaki registrirani korisnik pristaje primati obavijesti na e-mail adresu s kojom je registriran na dinosadventures.com. Obavijesti se odnose na usluge, besplatne ili komercijalne proizvode i softversku aplikaciju Dean&#8217;s Adventures. Korisnici \u0107e primiti obavijest e-po\u0161tom kada im se poruka po\u0161alje putem internog sustava za slanje poruka.<\/p>\n<p>Svaki registrirani korisnik pristaje na povremeno primanje izravne promotivne po\u0161te (izravni marketing) na e-mail adresu kojom je registriran na dinosadventures.com.<\/p>\n<p>Korisnik se obvezuje da u procesu kori\u0161tenja usluga koje pru\u017ea dinosadventures.com ne\u0107e postavljati\/prenositi na svoj server i ni na koji na\u010din tre\u0107im osobama ne\u0107e otkrivati \u200b\u200bsadr\u017eaj Korisnika &#8211; informacije, podatke, tekst, zvuk, datoteke, softver, video, fotografije, grafike, audio materijali, komunikacija ili bilo koji drugi materijal ili poveznice na materijal koji:<\/p>\n<p>1. nisu u skladu s pozitivnim zakonodavstvom, va\u017ee\u0107im stranim zakonima, internetskom etikom, zajedni\u010dkim propisima o pristojnosti i moralu;<\/p>\n<p>2. predmet su intelektualnog vlasni\u0161tva tre\u0107ih osoba, osim uz suglasnost nositelja prava;<\/p>\n<p>3. predstavljaju poslovnu ili profesionalnu tajnu ili drugu vrstu povjerljivih podataka \u010dije je otkrivanje zabranjeno na temelju ugovora, zakona ili akta nadle\u017enog, dr\u017eavnog ili op\u0107inskog tijela;<\/p>\n<p>4. sadr\u017ei podatke o drugim korisnicima, bez suglasnosti njihovih nositelja, kao i softver za pristup tim \u0161iframa ili pravima;<\/p>\n<p>5. sadr\u017eavati osobne podatke koji se odnose na tre\u0107e osobe ili bilo koje druge informacije za\u0161ti\u0107ene zakonom, osim u skladu sa svim primjenjivim zahtjevima za njihovu za\u0161titu, obradu i primjenu;<\/p>\n<p>MM Disoski zadr\u017eava pravo prikupljanja, pohrane, analize i kori\u0161tenja statisti\u010dkih podataka o kori\u0161tenju dinosadventures.com u svrhu informiranja svojih kupaca, korisnika, drugih osoba, objave na drugim medijima te komunikacije s korisnikom u vezi s uslugama dinosadventures.com.<\/p>\n<p>Osobni podaci korisnika \u010duvat \u0107e se u strogoj tajnosti i ne\u0107e se otkrivati \u200b\u200btre\u0107im stranama osim ako to zahtijeva zakon ili ako za to postoji sudski ili drugi obvezni nalog.<\/p>\n<p>MM Disoski ne snosi odgovornost za nastanak bilo kakve \u0161tete nastale kori\u0161tenjem programske aplikacije Dino&#8217;s Adventures od strane krajnjih korisnika.<\/p>\n<p>MM Disoski zadr\u017eava pravo dodavanja, promjene, nadogradnje, prekida usluga ili nametanja uvjeta usluge na dinosadventures.com bez prethodne najave.<\/p>\n<\/div>\n<\/div>\n<\/div>\n<\/div>\n<\/div>\n<\/section>\n<\/div>\n<\/div>\n<\/div>\n<\/div>\n<\/div>\n<\/div>\n<\/div>\n<\/article>\n<p>[\/et_pb_text][\/et_pb_column][\/et_pb_row][\/et_pb_section]<\/p>\n","protected":false},"excerpt":{"rendered":"<p>UVJETI KORI\u0160TENJA A\u017eurirano: 01.02.2024 &nbsp; Ovim uvjetima kori\u0161tenja web stranice dinosadventures.com te njenih usluga i funkcionalnosti (u daljnjem tekstu: Uvjeti kori\u0161tenja) definirana su prava i obveze kori\u0161tenja web stranice dinosadventures.com. Svako automatsko preuzimanje podataka s web stranice dinosadventures.com i njezine baze strogo je zabranjeno. Pravo kori\u0161tenja dinosadventures.com je osobno i nije prenosivo na bilo koju [&hellip;]<\/p>\n","protected":false},"author":1,"featured_media":0,"parent":0,"menu_order":0,"comment_status":"closed","ping_status":"closed","template":"","meta":{"_et_pb_use_builder":"on","_et_pb_old_content":"","_et_gb_content_width":"","footnotes":""},"_links":{"self":[{"href":"https:\/\/dinosadventures.com\/hr\/wp-json\/wp\/v2\/pages\/120"}],"collection":[{"href":"https:\/\/dinosadventures.com\/hr\/wp-json\/wp\/v2\/pages"}],"about":[{"href":"https:\/\/dinosadventures.com\/hr\/wp-json\/wp\/v2\/types\/page"}],"author":[{"embeddable":true,"href":"https:\/\/dinosadventures.com\/hr\/wp-json\/wp\/v2\/users\/1"}],"replies":[{"embeddable":true,"href":"https:\/\/dinosadventures.com\/hr\/wp-json\/wp\/v2\/comments?post=120"}],"version-history":[{"count":4,"href":"https:\/\/dinosadventures.com\/hr\/wp-json\/wp\/v2\/pages\/120\/revisions"}],"predecessor-version":[{"id":201,"href":"https:\/\/dinosadventures.com\/hr\/wp-json\/wp\/v2\/pages\/120\/revisions\/201"}],"wp:attachment":[{"href":"https:\/\/dinosadventures.com\/hr\/wp-json\/wp\/v2\/media?parent=120"}],"curies":[{"name":"wp","href":"https:\/\/api.w.org\/{rel}","templated":true}]}}