{"id":124,"date":"2024-03-23T13:03:39","date_gmt":"2024-03-23T13:03:39","guid":{"rendered":"https:\/\/stage.dinosadventures.com\/hr\/?page_id=124"},"modified":"2024-04-03T10:15:26","modified_gmt":"2024-04-03T10:15:26","slug":"privacy-policy","status":"publish","type":"page","link":"https:\/\/dinosadventures.com\/hr\/privacy-policy\/","title":{"rendered":"privacy policy"},"content":{"rendered":"<p>[et_pb_section fb_built=&#8221;1&#8243; _builder_version=&#8221;4.24.2&#8243; _module_preset=&#8221;default&#8221; global_colors_info=&#8221;{}&#8221;][et_pb_row _builder_version=&#8221;4.24.2&#8243; _module_preset=&#8221;default&#8221; global_colors_info=&#8221;{}&#8221;][et_pb_column type=&#8221;4_4&#8243; _builder_version=&#8221;4.24.2&#8243; _module_preset=&#8221;default&#8221; global_colors_info=&#8221;{}&#8221;][et_pb_text _builder_version=&#8221;4.24.2&#8243; _module_preset=&#8221;default&#8221; hover_enabled=&#8221;0&#8243; global_colors_info=&#8221;{}&#8221; sticky_enabled=&#8221;0&#8243;]<\/p>\n<header class=\"title-bar outside title_bar_variant_classic title_bar_width_ has-effect\">\n<div class=\"overlay-color\">\n<div class=\"in\">\n<div class=\"titles\">\n<h1 class=\"page-title entry-title\" itemprop=\"headline\">POLITIKA PRIVATNOSTI<\/h1>\n<p>&nbsp;<\/p>\n<\/div>\n<\/div>\n<\/div>\n<\/header>\n<article id=\"content\" class=\"clearfix\" itemtype=\"https:\/\/schema.org\/CreativeWork\" itemscope=\"\">\n<div class=\"content-limiter\">\n<div id=\"col-mask\">\n<div id=\"post-12260\" class=\"content-box post-12260 page type-page status-publish\">\n<div class=\"formatter\">\n<div class=\"real-content\" itemprop=\"text\">\n<div data-elementor-type=\"wp-page\" data-elementor-id=\"12260\" class=\"elementor elementor-12260\" data-elementor-settings=\"[]\">\n<div class=\"elementor-section-wrap\">\n<section class=\"elementor-section elementor-top-section elementor-element elementor-element-e84acee elementor-section-boxed elementor-section-height-default elementor-section-height-default\" data-id=\"e84acee\" data-element_type=\"section\">\n<div class=\"elementor-container elementor-column-gap-default\">\n<div class=\"elementor-column elementor-col-100 elementor-top-column elementor-element elementor-element-1a19cf0\" data-id=\"1a19cf0\" data-element_type=\"column\">\n<div class=\"elementor-widget-wrap elementor-element-populated\">\n<div class=\"elementor-element elementor-element-60a04b2 elementor-widget elementor-widget-text-editor\" data-id=\"60a04b2\" data-element_type=\"widget\" data-widget_type=\"text-editor.default\">\n<div class=\"elementor-widget-container\">\n<p>Ova politika privatnosti pru\u017ea op\u0107e informacije o obradi osobnih podataka kada posjetite ovo web mjesto i\/ili koristite bilo koju od na\u0161ih usluga putem njega. Prikupljamo samo one osobne podatke koji su nu\u017eni za ispunjenje na\u0161ih obveza.<\/p>\n<p><strong>Voditelj zbirke osobnih podataka<\/strong><\/p>\n<p>Voditelj obrade osobnih podataka je MM Disoski DOOEL, (u daljnjem tekstu: MM Disoski), sa sjedi\u0161tem u Kuzman Josifoski, 7500 Prilep, Republika Sjeverna Makedonija.<\/p>\n<p>Osobni podaci obra\u0111uju se sukladno odredbama Zakona o za\u0161titi podataka.<\/p>\n<p><strong>Slu\u017ebenik za za\u0161titu osobnih podataka:<\/strong><\/p>\n<p>Darko Disoski<\/p>\n<p>darko.d@2md.mk<\/p>\n<p><strong>\u010cije podatke prikupljamo<\/strong><\/p>\n<p>Mo\u017eemo prikupljati podatke koji se odnose na sljede\u0107e kategorije osoba:<\/p>\n<p>Posjetitelji na\u0161e web stranice dinosadventures.com. Obi\u010dno prikupljamo navigacijske podatke (vidi dolje) koji se koriste za analizu podataka o posjetima na\u0161oj web stranici, kao i za odr\u017eavanje sigurnosti informacija na na\u0161oj web stranici. Pro\u010ditajte vi\u0161e o kori\u0161tenju kola\u010di\u0107a u na\u0161im pravilima o kola\u010di\u0107ima.<br \/>Osobe zainteresirane za na\u0161e proizvode &#8211; Osobni podaci za potrebe informiranja, online kupnje i dostave besplatnih ili komercijalnih proizvoda.<\/p>\n<p><strong>Kategorije obra\u0111enih podataka<\/strong><\/p>\n<p>Navigacijski podaci<br \/>Prilikom posjete poslu\u017eitelju na\u0161e web stranice za svakog se posjetitelja kreiraju zapisi sa sljede\u0107im podacima:<\/p>\n<p>\u2013 Va\u0161a adresa internetskog protokola (IP);<br \/>\u2013 Ure\u0111aj s kojeg pristupate, tip i model;<br \/>\u2013 Va\u0161 operativni sustav;<br \/>\u2013 Vrsta preglednika, dodaci i verzija;<br \/>\u2013 Stranice koje posje\u0107ujete na na\u0161oj web stranici i vrijeme koje provodite na svakoj stranici;<br \/>\u2013 URL stranice koja vas je uputila na na\u0161u web stranicu;<br \/>\u2013 Jezik preglednika koji koristite;<br \/>\u2013 Dr\u017eava (odre\u0111ena IP adresom).<\/p>\n<p>Neovisno odr\u017eavamo poslu\u017eitelje i interno provodimo sve aktivnosti web stranice, uklju\u010duju\u0107i kreirane zapisnike i analizu podataka prenesenih iz posjeta na\u0161oj web stranici.<\/p>\n<p><strong>Podatke dobrovoljno daju korisnici<\/strong><\/p>\n<p>Osobni podaci koje prikupljamo kada posjetite na\u0161u web stranicu su oni koje dobrovoljno dajete u odre\u0111ene svrhe, kako bismo nam omogu\u0107ili ispunjavanje na\u0161ih obveza.<\/p>\n<p>Mo\u017eemo prikupljati bilo koju od sljede\u0107ih kategorija osobnih podataka: ime i prezime, kontakt telefon, e-mail, adresu i dodatne informacije vezane uz proces online prodaje i dostave na\u0161ih proizvoda.<\/p>\n<p><strong>Kako prikupljamo osobne podatke<\/strong><\/p>\n<p>Prikupljamo osobne podatke putem va\u0161e upotrebe ove web stranice, uklju\u010duju\u0107i obrasce za prijavu koje dobrovoljno ispunjavate;<\/p>\n<p><strong>Kategorije korisnika osobnih podataka<\/strong><\/p>\n<p>Poslove obrade osobnih podataka vezane uz online usluge dostupne putem web stranice dinosadventures.com obavljaju djelatnici odgovorni za te usluge ili osobe zadu\u017eene za obavljanje predmetnih aktivnosti.<\/p>\n<p>Podatke o vama i\/ili va\u0161em posjetu na\u0161oj web stranici ne dijelimo s tre\u0107im stranama, osim u sljede\u0107im slu\u010dajevima:<\/p>\n<p>&#8211; U slu\u010daju anga\u017eiranja pru\u017eatelja usluga, ukoliko ih MM Disoski anga\u017eira kao izvr\u0161itelje obrade, isti \u0107e biti du\u017eni postupati prema uputama MM Disoskog i osigurati za\u0161titu osobnih podataka koji se obra\u0111uju tijekom pru\u017eanja tih usluga.<br \/>&#8211; Na zahtjev suda, policije ili drugih tijela i tijela za obavljanje svojih nadle\u017enosti i samo ako za to postoji zakonska osnova.<\/p>\n<p><strong>Vrijeme pohrane prikupljenih podataka<\/strong><\/p>\n<p>Podaci koje prikupljamo pohranjuju se u skladu sa zakonom i rokom potrebnim za postizanje svrhe obrade te su odre\u0111eni uvjetima \u010duvanja osobnih podataka.<\/p>\n<p><strong>Koja su va\u0161a prava?<\/strong><\/p>\n<p>Va\u0161a prava u vezi s obradom osobnih podataka su:<\/p>\n<p>\u2013 pravo na informaciju o obradi osobnih podataka<br \/>&#8211; pravo na prigovor<br \/>&#8211; pravo na razdru\u017eivanje<\/p>\n<p><strong>Pravo na odjavu s liste periodi\u010dnih obavijesti i brisanje svoje e-mail adrese<\/strong><\/p>\n<p>Svaki korisnik ima pravo dati ili povu\u0107i privolu za izravni marketing, u bilo kojem trenutku.<\/p>\n<p>Otkazivanje pretplate na obavijesti e-po\u0161tom vrlo je jednostavno. Na dnu svake e-po\u0161te koju \u0107ete primiti nalazi se gumb za odjavu. Ako \u017eelite da se va\u0161a adresa e-po\u0161te u potpunosti izbri\u0161e, po\u0161aljite e-poruku na info@dinosadventures.com kako bismo je u potpunosti izbrisali.<\/p>\n<p>Za dodatne informacije i\/ili ostvarivanje prava za za\u0161titu osobnih podataka mo\u017eete se obratiti na\u0161em slu\u017ebeniku za za\u0161titu osobnih podataka.<\/p>\n<p><strong>Pravo na podno\u0161enje zahtjeva<\/strong><\/p>\n<p>Ukoliko smatrate da na\u010din na koji MM Disoski obra\u0111uje Va\u0161e osobne podatke kr\u0161i odredbe Zakona o za\u0161titi osobnih podataka, mo\u017eete podnijeti zahtjev koji \u0107e se obraditi na isti na\u010din kao i svaki drugi podneseni zahtjev, sukladno \u010dlanku 97. Zakona o osobnim podacima. Zakon o za\u0161titi.<\/p>\n<p><strong>Promjena politike privatnosti<\/strong><\/p>\n<p>Politika privatnosti \u0107e se redovito mijenjati i nadopunjavati sukladno zakonskim promjenama i na\u0161im aktivnostima.<\/p>\n<\/div>\n<\/div>\n<\/div>\n<\/div>\n<\/div>\n<\/section>\n<\/div>\n<\/div>\n<\/div>\n<\/div>\n<\/div>\n<\/div>\n<\/div>\n<\/article>\n<p>[\/et_pb_text][\/et_pb_column][\/et_pb_row][\/et_pb_section]<\/p>\n","protected":false},"excerpt":{"rendered":"<p>POLITIKA PRIVATNOSTI &nbsp; Ova politika privatnosti pru\u017ea op\u0107e informacije o obradi osobnih podataka kada posjetite ovo web mjesto i\/ili koristite bilo koju od na\u0161ih usluga putem njega. Prikupljamo samo one osobne podatke koji su nu\u017eni za ispunjenje na\u0161ih obveza. Voditelj zbirke osobnih podataka Voditelj obrade osobnih podataka je MM Disoski DOOEL, (u daljnjem tekstu: MM [&hellip;]<\/p>\n","protected":false},"author":1,"featured_media":0,"parent":0,"menu_order":0,"comment_status":"closed","ping_status":"closed","template":"","meta":{"_et_pb_use_builder":"on","_et_pb_old_content":"","_et_gb_content_width":"","footnotes":""},"_links":{"self":[{"href":"https:\/\/dinosadventures.com\/hr\/wp-json\/wp\/v2\/pages\/124"}],"collection":[{"href":"https:\/\/dinosadventures.com\/hr\/wp-json\/wp\/v2\/pages"}],"about":[{"href":"https:\/\/dinosadventures.com\/hr\/wp-json\/wp\/v2\/types\/page"}],"author":[{"embeddable":true,"href":"https:\/\/dinosadventures.com\/hr\/wp-json\/wp\/v2\/users\/1"}],"replies":[{"embeddable":true,"href":"https:\/\/dinosadventures.com\/hr\/wp-json\/wp\/v2\/comments?post=124"}],"version-history":[{"count":4,"href":"https:\/\/dinosadventures.com\/hr\/wp-json\/wp\/v2\/pages\/124\/revisions"}],"predecessor-version":[{"id":203,"href":"https:\/\/dinosadventures.com\/hr\/wp-json\/wp\/v2\/pages\/124\/revisions\/203"}],"wp:attachment":[{"href":"https:\/\/dinosadventures.com\/hr\/wp-json\/wp\/v2\/media?parent=124"}],"curies":[{"name":"wp","href":"https:\/\/api.w.org\/{rel}","templated":true}]}}