{"id":231,"date":"2024-04-30T12:34:46","date_gmt":"2024-04-30T12:34:46","guid":{"rendered":"https:\/\/stage.dinosadventures.com\/hr\/?page_id=231"},"modified":"2024-05-08T16:31:06","modified_gmt":"2024-05-08T16:31:06","slug":"help","status":"publish","type":"page","link":"https:\/\/dinosadventures.com\/hr\/help\/","title":{"rendered":"Help"},"content":{"rendered":"<p>[et_pb_section fb_built=&#8221;1&#8243; _builder_version=&#8221;4.24.2&#8243; _module_preset=&#8221;default&#8221; global_colors_info=&#8221;{}&#8221; locked=&#8221;off&#8221;][et_pb_row _builder_version=&#8221;4.24.2&#8243; _module_preset=&#8221;default&#8221; custom_padding=&#8221;||2px|||&#8221; global_colors_info=&#8221;{}&#8221;][et_pb_column type=&#8221;4_4&#8243; _builder_version=&#8221;4.24.2&#8243; _module_preset=&#8221;default&#8221; global_colors_info=&#8221;{}&#8221;][et_pb_heading title=&#8221;Instalacija Dininih avantura&#8221; _builder_version=&#8221;4.24.2&#8243; _module_preset=&#8221;default&#8221; hover_enabled=&#8221;0&#8243; global_colors_info=&#8221;{}&#8221; sticky_enabled=&#8221;0&#8243;][\/et_pb_heading][et_pb_text _builder_version=&#8221;4.24.2&#8243; _module_preset=&#8221;default&#8221; hover_enabled=&#8221;0&#8243; global_colors_info=&#8221;{}&#8221; sticky_enabled=&#8221;0&#8243;]<\/p>\n<h5><strong>1. Prijavite se kao administrator na svom ra\u010dunalu.<\/strong><\/h5>\n<p>Morate biti prijavljeni kao administrator da biste instalirali program pomo\u0107u MSI datoteke. Ili se prijavite u sustav Windows pomo\u0107u administrativnog ra\u010duna ili razgovarajte sa svojim administratorom sustava i provjerite mo\u017ee li postaviti va\u0161 ra\u010dun kao administrativni ra\u010dun.<\/p>\n<h5><strong>2. Do\u0111ite do MSI datoteke (Dinine avanture.msi).<\/strong><\/h5>\n<p>Koristite File Explorer za navigaciju do lokacije MSI datoteke Dinine avanture. Budu\u0107i da se radi o datoteci koju ste preuzeli s interneta, najvjerojatnije \u0107e biti u va\u0161oj mapi Preuzimanja (Downloads).<\/p>\n<h5><strong>3. Dvaput kliknite datoteku da je pokrenete.<\/strong><\/h5>\n<p>Ovo \u0107e pokrenuti \u010darobnjaka za instalaciju i zapo\u010deti instalaciju programa. Ako se to od vas zatra\u017ei, kliknite Pokreni u sko\u010dnom prozoru za potvrdu.<\/p>\n<h5><strong>4. Slijedite upute za instalaciju.<\/strong><\/h5>\n<p>\u010carobnjak za instalaciju \u0107e vas voditi kroz postavke i instalaciju programa.<br \/>Koraci instalacije mogu se razlikovati za razli\u010dite programe. Od vas se mo\u017ee tra\u017eiti da odaberete mjesto instalacije.<\/p>\n<p>[\/et_pb_text][et_pb_heading title=&#8221;Korak 1:&#8221; _builder_version=&#8221;4.24.2&#8243; _module_preset=&#8221;default&#8221; title_level=&#8221;h5&#8243; title_font=&#8221;|700|||||||&#8221; hover_enabled=&#8221;0&#8243; global_colors_info=&#8221;{}&#8221; sticky_enabled=&#8221;0&#8243;][\/et_pb_heading][\/et_pb_column][\/et_pb_row][et_pb_row _builder_version=&#8221;4.24.2&#8243; _module_preset=&#8221;default&#8221; global_colors_info=&#8221;{}&#8221;][et_pb_column type=&#8221;4_4&#8243; _builder_version=&#8221;4.24.2&#8243; _module_preset=&#8221;default&#8221; global_colors_info=&#8221;{}&#8221;][et_pb_image src=&#8221;https:\/\/stage.dinosadventures.com\/rs\/wp-content\/uploads\/sites\/3\/2024\/05\/Install01Dino.png&#8221; title_text=&#8221;Install01Dino&#8221; _builder_version=&#8221;4.24.2&#8243; _module_preset=&#8221;default&#8221; custom_margin=&#8221;-17px|||||&#8221; global_colors_info=&#8221;{}&#8221;][\/et_pb_image][et_pb_heading title=&#8221;Korak 2:&#8221; _builder_version=&#8221;4.24.2&#8243; _module_preset=&#8221;default&#8221; title_level=&#8221;h5&#8243; title_font=&#8221;|700|||||||&#8221; hover_enabled=&#8221;0&#8243; global_colors_info=&#8221;{}&#8221; sticky_enabled=&#8221;0&#8243;][\/et_pb_heading][et_pb_image src=&#8221;https:\/\/stage.dinosadventures.com\/hr\/wp-content\/uploads\/sites\/4\/2024\/05\/Install02hr.png&#8221; title_text=&#8221;Install02hr&#8221; _builder_version=&#8221;4.24.2&#8243; _module_preset=&#8221;default&#8221; custom_margin=&#8221;-17px|||||&#8221; hover_enabled=&#8221;0&#8243; global_colors_info=&#8221;{}&#8221; sticky_enabled=&#8221;0&#8243;][\/et_pb_image][et_pb_heading title=&#8221;Korak 3:&#8221; _builder_version=&#8221;4.24.2&#8243; _module_preset=&#8221;default&#8221; title_level=&#8221;h5&#8243; title_font=&#8221;|700|||||||&#8221; hover_enabled=&#8221;0&#8243; global_colors_info=&#8221;{}&#8221; sticky_enabled=&#8221;0&#8243;][\/et_pb_heading][et_pb_image src=&#8221;https:\/\/stage.dinosadventures.com\/hr\/wp-content\/uploads\/sites\/4\/2024\/05\/Install01MSIhr.png&#8221; title_text=&#8221;Install01MSIhr&#8221; _builder_version=&#8221;4.24.2&#8243; _module_preset=&#8221;default&#8221; custom_margin=&#8221;-16px|||||&#8221; hover_enabled=&#8221;0&#8243; global_colors_info=&#8221;{}&#8221; sticky_enabled=&#8221;0&#8243;][\/et_pb_image][et_pb_heading title=&#8221;Korak 4:&#8221; _builder_version=&#8221;4.24.2&#8243; _module_preset=&#8221;default&#8221; title_level=&#8221;h5&#8243; title_font=&#8221;|700|||||||&#8221; hover_enabled=&#8221;0&#8243; global_colors_info=&#8221;{}&#8221; sticky_enabled=&#8221;0&#8243;][\/et_pb_heading][et_pb_image src=&#8221;https:\/\/stage.dinosadventures.com\/hr\/wp-content\/uploads\/sites\/4\/2024\/05\/Install02MSIhr.png&#8221; title_text=&#8221;Install02MSIhr&#8221; _builder_version=&#8221;4.24.2&#8243; _module_preset=&#8221;default&#8221; custom_margin=&#8221;-17px|||||&#8221; hover_enabled=&#8221;0&#8243; global_colors_info=&#8221;{}&#8221; sticky_enabled=&#8221;0&#8243;][\/et_pb_image][et_pb_heading title=&#8221;Korak 5:&#8221; _builder_version=&#8221;4.24.2&#8243; _module_preset=&#8221;default&#8221; title_level=&#8221;h5&#8243; title_font=&#8221;|700|||||||&#8221; hover_enabled=&#8221;0&#8243; global_colors_info=&#8221;{}&#8221; sticky_enabled=&#8221;0&#8243;][\/et_pb_heading][et_pb_image src=&#8221;https:\/\/stage.dinosadventures.com\/hr\/wp-content\/uploads\/sites\/4\/2024\/05\/Install03MSIhr.png&#8221; title_text=&#8221;Install03MSIhr&#8221; _builder_version=&#8221;4.24.2&#8243; _module_preset=&#8221;default&#8221; custom_margin=&#8221;-17px|||||&#8221; custom_padding=&#8221;4px|||||&#8221; hover_enabled=&#8221;0&#8243; global_colors_info=&#8221;{}&#8221; sticky_enabled=&#8221;0&#8243;][\/et_pb_image][et_pb_heading title=&#8221;Korak 6:&#8221; _builder_version=&#8221;4.24.2&#8243; _module_preset=&#8221;default&#8221; title_level=&#8221;h5&#8243; title_font=&#8221;|700|||||||&#8221; hover_enabled=&#8221;0&#8243; global_colors_info=&#8221;{}&#8221; sticky_enabled=&#8221;0&#8243;][\/et_pb_heading][et_pb_image src=&#8221;https:\/\/stage.dinosadventures.com\/hr\/wp-content\/uploads\/sites\/4\/2024\/05\/Install04MSIhr.png&#8221; title_text=&#8221;Install04MSIhr&#8221; _builder_version=&#8221;4.24.2&#8243; _module_preset=&#8221;default&#8221; custom_margin=&#8221;-17px|||||&#8221; custom_padding=&#8221;4px|||||&#8221; hover_enabled=&#8221;0&#8243; global_colors_info=&#8221;{}&#8221; sticky_enabled=&#8221;0&#8243;][\/et_pb_image][et_pb_heading title=&#8221;Korak 7:&#8221; _builder_version=&#8221;4.24.2&#8243; _module_preset=&#8221;default&#8221; title_level=&#8221;h5&#8243; title_font=&#8221;|700|||||||&#8221; hover_enabled=&#8221;0&#8243; global_colors_info=&#8221;{}&#8221; sticky_enabled=&#8221;0&#8243;][\/et_pb_heading][et_pb_image src=&#8221;https:\/\/stage.dinosadventures.com\/hr\/wp-content\/uploads\/sites\/4\/2024\/05\/Install05MSIhr.png&#8221; title_text=&#8221;Install05MSIhr&#8221; _builder_version=&#8221;4.24.2&#8243; _module_preset=&#8221;default&#8221; custom_margin=&#8221;-17px|||||&#8221; custom_padding=&#8221;4px|||||&#8221; hover_enabled=&#8221;0&#8243; global_colors_info=&#8221;{}&#8221; sticky_enabled=&#8221;0&#8243;][\/et_pb_image][et_pb_heading title=&#8221;Korak 8:&#8221; _builder_version=&#8221;4.24.2&#8243; _module_preset=&#8221;default&#8221; title_level=&#8221;h5&#8243; title_font=&#8221;|700|||||||&#8221; hover_enabled=&#8221;0&#8243; global_colors_info=&#8221;{}&#8221; sticky_enabled=&#8221;0&#8243;][\/et_pb_heading][et_pb_image src=&#8221;https:\/\/stage.dinosadventures.com\/hr\/wp-content\/uploads\/sites\/4\/2024\/05\/Install06MSIhr.png&#8221; title_text=&#8221;Install06MSIhr&#8221; _builder_version=&#8221;4.24.2&#8243; _module_preset=&#8221;default&#8221; custom_margin=&#8221;-17px|||||&#8221; custom_padding=&#8221;4px|||||&#8221; hover_enabled=&#8221;0&#8243; global_colors_info=&#8221;{}&#8221; sticky_enabled=&#8221;0&#8243;][\/et_pb_image][\/et_pb_column][\/et_pb_row][\/et_pb_section]<\/p>\n","protected":false},"excerpt":{"rendered":"<p>1. Prijavite se kao administrator na svom ra\u010dunalu. Morate biti prijavljeni kao administrator da biste instalirali program pomo\u0107u MSI datoteke. Ili se prijavite u sustav Windows pomo\u0107u administrativnog ra\u010duna ili razgovarajte sa svojim administratorom sustava i provjerite mo\u017ee li postaviti va\u0161 ra\u010dun kao administrativni ra\u010dun. 2. Do\u0111ite do MSI datoteke (Dinine avanture.msi). Koristite File Explorer [&hellip;]<\/p>\n","protected":false},"author":1,"featured_media":0,"parent":0,"menu_order":0,"comment_status":"closed","ping_status":"closed","template":"","meta":{"_et_pb_use_builder":"on","_et_pb_old_content":"<!-- wp:divi\/placeholder \/-->","_et_gb_content_width":"","footnotes":""},"_links":{"self":[{"href":"https:\/\/dinosadventures.com\/hr\/wp-json\/wp\/v2\/pages\/231"}],"collection":[{"href":"https:\/\/dinosadventures.com\/hr\/wp-json\/wp\/v2\/pages"}],"about":[{"href":"https:\/\/dinosadventures.com\/hr\/wp-json\/wp\/v2\/types\/page"}],"author":[{"embeddable":true,"href":"https:\/\/dinosadventures.com\/hr\/wp-json\/wp\/v2\/users\/1"}],"replies":[{"embeddable":true,"href":"https:\/\/dinosadventures.com\/hr\/wp-json\/wp\/v2\/comments?post=231"}],"version-history":[{"count":3,"href":"https:\/\/dinosadventures.com\/hr\/wp-json\/wp\/v2\/pages\/231\/revisions"}],"predecessor-version":[{"id":244,"href":"https:\/\/dinosadventures.com\/hr\/wp-json\/wp\/v2\/pages\/231\/revisions\/244"}],"wp:attachment":[{"href":"https:\/\/dinosadventures.com\/hr\/wp-json\/wp\/v2\/media?parent=231"}],"curies":[{"name":"wp","href":"https:\/\/api.w.org\/{rel}","templated":true}]}}