{"id":318,"date":"2025-02-13T11:27:42","date_gmt":"2025-02-13T11:27:42","guid":{"rendered":"https:\/\/dinosadventures.com\/hr\/?page_id=318"},"modified":"2025-09-05T23:11:29","modified_gmt":"2025-09-05T23:11:29","slug":"demo","status":"publish","type":"page","link":"https:\/\/dinosadventures.com\/hr\/demo\/","title":{"rendered":"demo"},"content":{"rendered":"<p>[et_pb_section fb_built=&#8221;1&#8243; _builder_version=&#8221;4.24.2&#8243; _module_preset=&#8221;default&#8221; global_colors_info=&#8221;{}&#8221;][et_pb_row _builder_version=&#8221;4.24.2&#8243; _module_preset=&#8221;default&#8221; custom_padding=&#8221;||0px|||&#8221; global_colors_info=&#8221;{}&#8221;][et_pb_column type=&#8221;4_4&#8243; _builder_version=&#8221;4.24.2&#8243; _module_preset=&#8221;default&#8221; global_colors_info=&#8221;{}&#8221;][et_pb_heading title=&#8221;Pretvori ekran u \u010daroliju u\u010denja &#8211; besplatno isprobaj Dinine avanture&#8221; _builder_version=&#8221;4.24.2&#8243; _module_preset=&#8221;default&#8221; title_level=&#8221;h2&#8243; title_font=&#8221;|700|||||||&#8221; title_text_align=&#8221;center&#8221; hover_enabled=&#8221;0&#8243; global_colors_info=&#8221;{}&#8221; sticky_enabled=&#8221;0&#8243; custom_margin=&#8221;||-20px|||&#8221;][\/et_pb_heading][\/et_pb_column][\/et_pb_row][et_pb_row _builder_version=&#8221;4.24.2&#8243; _module_preset=&#8221;default&#8221; custom_padding=&#8221;||3px|||&#8221; global_colors_info=&#8221;{}&#8221;][et_pb_column type=&#8221;4_4&#8243; _builder_version=&#8221;4.24.2&#8243; _module_preset=&#8221;default&#8221; global_colors_info=&#8221;{}&#8221;][et_pb_text _builder_version=&#8221;4.24.2&#8243; _module_preset=&#8221;default&#8221; text_font_size=&#8221;16px&#8221; custom_margin=&#8221;-10px|||||&#8221; hover_enabled=&#8221;0&#8243; global_colors_info=&#8221;{}&#8221; sticky_enabled=&#8221;0&#8243;]<\/p>\n<h4 style=\"text-align: center;\">Nije svaki ekran isti. Dinine avanture svako vrijeme ispred ekrana pretvara u igru, znanje i mir. Besplatni demo dostupan je odmah za Windows &#8211; jedan klik i tvoja obitelj vidi razliku<\/h4>\n<p>[\/et_pb_text][et_pb_divider _builder_version=&#8221;4.24.2&#8243; _module_preset=&#8221;default&#8221; global_colors_info=&#8221;{}&#8221;][\/et_pb_divider][\/et_pb_column][\/et_pb_row][et_pb_row column_structure=&#8221;1_2,1_2&#8243; _builder_version=&#8221;4.24.2&#8243; _module_preset=&#8221;default&#8221; global_colors_info=&#8221;{}&#8221;][et_pb_column type=&#8221;1_2&#8243; _builder_version=&#8221;4.24.2&#8243; _module_preset=&#8221;default&#8221; global_colors_info=&#8221;{}&#8221;][et_pb_image src=&#8221;https:\/\/dinosadventures.com\/hr\/wp-content\/uploads\/sites\/4\/2024\/04\/DinoImgHR.jpg&#8221; title_text=&#8221;DinoImgHR&#8221; _builder_version=&#8221;4.24.2&#8243; _module_preset=&#8221;default&#8221; global_colors_info=&#8221;{}&#8221;][\/et_pb_image][\/et_pb_column][et_pb_column type=&#8221;1_2&#8243; _builder_version=&#8221;4.24.2&#8243; _module_preset=&#8221;default&#8221; global_colors_info=&#8221;{}&#8221;][et_pb_code _builder_version=&#8221;4.24.2&#8243; _module_preset=&#8221;default&#8221; custom_padding=&#8221;||17px|||&#8221; global_colors_info=&#8221;{}&#8221;]<link href=\"https:\/\/mailer.2md.mk\/css\/embedded.css\" rel=\"stylesheet\" type=\"text\/css\"><!-- [et_pb_line_break_holder] --><\/p>\n<style>.subscribe-embedded-form{color: #333}.subscribe-embedded-form label{color: #555}<\/style>\n<p><!-- [et_pb_line_break_holder] --><\/p>\n<div class=\"subscribe-embedded-form\"><!-- [et_pb_line_break_holder] --><\/p>\n<h3>Preuzmite reduciranu verziju i dopustite svom djetetu da iskusi \u010daroliju u\u010denja kroz igru prije nego \u0161to otklju\u010da punu avanturu!<!-- [et_pb_line_break_holder] --><\/h3>\n<p><!-- [et_pb_line_break_holder] --><pee class=\"text-sm text-right\"><!-- [et_pb_line_break_holder] --><span class=\"text-danger\">*<\/span> potrebno<\/pee><!-- [et_pb_line_break_holder] --><\/p>\n<form action=\"https:\/\/mailer.2md.mk\/lists\/67adec935b522\/embedded-form-subscribe-captcha\" method=\"POST\" class=\"form-validate-jqueryz\"><!-- [et_pb_line_break_holder] --><\/p>\n<div class=\"form-group control-text\"><!-- [et_pb_line_break_holder] --><label> Email <span class=\"text-danger\">*<\/span><!-- [et_pb_line_break_holder] --><\/label><!-- [et_pb_line_break_holder] --><input id=\"EMAIL\" placeholder=\"\" value=\"\" type=\"text\" name=\"EMAIL\" class=\"form-control required email \"><!-- [et_pb_line_break_holder] --><\/div>\n<p><!-- [et_pb_line_break_holder] --><\/p>\n<div class=\"form-button\"><!-- [et_pb_line_break_holder] --><button class=\"btn btn-primary\">Po\u0161alji mi Demo<\/button><!-- [et_pb_line_break_holder] --><\/div>\n<p><!-- [et_pb_line_break_holder] --><\/form>\n<p><!-- [et_pb_line_break_holder] --><\/div>\n<p><!-- [et_pb_line_break_holder] --><link href=\"https:\/\/mailer.2md.mk\/assets\/css\/icons\/icomoon\/styles.css\" rel=\"stylesheet\" type=\"text\/css\"><!-- [et_pb_line_break_holder] --><link href=\"https:\/\/mailer.2md.mk\/assets\/css\/components.css\" rel=\"stylesheet\" type=\"text\/css\"><!-- [et_pb_line_break_holder] --><link href=\"https:\/\/mailer.2md.mk\/css\/app.css?v=4.0.22-p2\" rel=\"stylesheet\" type=\"text\/css\">[\/et_pb_code][et_pb_text _builder_version=&#8221;4.24.2&#8243; _module_preset=&#8221;default&#8221; global_colors_info=&#8221;{}&#8221;]<\/p>\n<p><strong>\ud83d\udce2 Pridru\u017eite se tisu\u0107ama roditelja koji u\u010denje \u010dine ZABAVNIM! \ud83d\ude80\u2728<\/strong><\/p>\n<p>[\/et_pb_text][\/et_pb_column][\/et_pb_row][\/et_pb_section]<\/p>\n","protected":false},"excerpt":{"rendered":"<p>Nije svaki ekran isti. Dinine avanture svako vrijeme ispred ekrana pretvara u igru, znanje i mir. Besplatni demo dostupan je odmah za Windows &#8211; jedan klik i tvoja obitelj vidi razliku\ud83d\udce2 Pridru\u017eite se tisu\u0107ama roditelja koji u\u010denje \u010dine ZABAVNIM! \ud83d\ude80\u2728<\/p>\n","protected":false},"author":1,"featured_media":0,"parent":0,"menu_order":0,"comment_status":"closed","ping_status":"closed","template":"","meta":{"_et_pb_use_builder":"on","_et_pb_old_content":"","_et_gb_content_width":"","footnotes":""},"_links":{"self":[{"href":"https:\/\/dinosadventures.com\/hr\/wp-json\/wp\/v2\/pages\/318"}],"collection":[{"href":"https:\/\/dinosadventures.com\/hr\/wp-json\/wp\/v2\/pages"}],"about":[{"href":"https:\/\/dinosadventures.com\/hr\/wp-json\/wp\/v2\/types\/page"}],"author":[{"embeddable":true,"href":"https:\/\/dinosadventures.com\/hr\/wp-json\/wp\/v2\/users\/1"}],"replies":[{"embeddable":true,"href":"https:\/\/dinosadventures.com\/hr\/wp-json\/wp\/v2\/comments?post=318"}],"version-history":[{"count":15,"href":"https:\/\/dinosadventures.com\/hr\/wp-json\/wp\/v2\/pages\/318\/revisions"}],"predecessor-version":[{"id":415,"href":"https:\/\/dinosadventures.com\/hr\/wp-json\/wp\/v2\/pages\/318\/revisions\/415"}],"wp:attachment":[{"href":"https:\/\/dinosadventures.com\/hr\/wp-json\/wp\/v2\/media?parent=318"}],"curies":[{"name":"wp","href":"https:\/\/api.w.org\/{rel}","templated":true}]}}