{"id":343,"date":"2025-02-24T09:19:15","date_gmt":"2025-02-24T09:19:15","guid":{"rendered":"https:\/\/dinosadventures.com\/hr\/?page_id=343"},"modified":"2025-02-24T21:44:58","modified_gmt":"2025-02-24T21:44:58","slug":"minitecaj","status":"publish","type":"page","link":"https:\/\/dinosadventures.com\/hr\/minitecaj\/","title":{"rendered":"minitecaj"},"content":{"rendered":"<p>[et_pb_section fb_built=&#8221;1&#8243; _builder_version=&#8221;4.24.2&#8243; _module_preset=&#8221;default&#8221; global_colors_info=&#8221;{}&#8221;][et_pb_row column_structure=&#8221;1_2,1_2&#8243; _builder_version=&#8221;4.24.2&#8243; _module_preset=&#8221;default&#8221; global_colors_info=&#8221;{}&#8221;][et_pb_column type=&#8221;1_2&#8243; _builder_version=&#8221;4.24.2&#8243; _module_preset=&#8221;default&#8221; global_colors_info=&#8221;{}&#8221;][et_pb_text _builder_version=&#8221;4.24.2&#8243; _module_preset=&#8221;default&#8221; global_colors_info=&#8221;{}&#8221;]<\/p>\n<h2><strong>Besplatan mini-te\u010daj<\/strong><strong> &#8220;Otkrijte tajnu u\u010denja kroz igru!&#8221;<\/strong><\/h2>\n<p>[\/et_pb_text][et_pb_text _builder_version=&#8221;4.24.2&#8243; _module_preset=&#8221;default&#8221; global_colors_info=&#8221;{}&#8221;]<\/p>\n<p>Zabavne strategije podr\u017eane od strane stru\u010dnjaka koje \u0107e pomo\u0107i va\u0161em djetetu da u\u010di kroz igru!<\/p>\n<p>[\/et_pb_text][et_pb_code _builder_version=&#8221;4.24.2&#8243; _module_preset=&#8221;default&#8221; hover_enabled=&#8221;0&#8243; global_colors_info=&#8221;{}&#8221; sticky_enabled=&#8221;0&#8243;]<link href=\"https:\/\/mailer.2md.mk\/css\/embedded.css\" rel=\"stylesheet\" type=\"text\/css\"><!-- [et_pb_line_break_holder] --><\/p>\n<style>.subscribe-embedded-form{color: #333}.subscribe-embedded-form label{color: #555}<\/style>\n<p><!-- [et_pb_line_break_holder] --><\/p>\n<div class=\"subscribe-embedded-form\"><!-- [et_pb_line_break_holder] --><\/p>\n<h2>Po\u010dnite danas!<\/h2>\n<p><!-- [et_pb_line_break_holder] --><pee class=\"text-sm text-right\"><!-- [et_pb_line_break_holder] --><span class=\"text-danger\">*<\/span> potrebno<\/pee><!-- [et_pb_line_break_holder] --><\/p>\n<form action=\"https:\/\/mailer.2md.mk\/lists\/67bc6934c38d4\/embedded-form-subscribe-captcha\" method=\"POST\" class=\"form-validate-jqueryz\"><!-- [et_pb_line_break_holder] --><\/p>\n<div class=\"form-group control-text\"><!-- [et_pb_line_break_holder] --><label> Email <span class=\"text-danger\">*<\/span><!-- [et_pb_line_break_holder] --><\/label><!-- [et_pb_line_break_holder] --><input id=\"EMAIL\" placeholder=\"\" value=\"\" type=\"text\" name=\"EMAIL\" class=\"form-control required email \"><!-- [et_pb_line_break_holder] --><\/div>\n<p><!-- [et_pb_line_break_holder] --><\/p>\n<div class=\"form-group control-text\"><!-- [et_pb_line_break_holder] --><label> Ime <\/label><!-- [et_pb_line_break_holder] --><input id=\"FIRST_NAME\" placeholder=\"\" value=\"\" type=\"text\" name=\"FIRST_NAME\" class=\"form-control \"><!-- [et_pb_line_break_holder] --><\/div>\n<p><!-- [et_pb_line_break_holder] --><\/p>\n<div class=\"form-button\"><!-- [et_pb_line_break_holder] --><button class=\"btn btn-primary\">Preuzmi!<\/button><!-- [et_pb_line_break_holder] --><\/div>\n<p><!-- [et_pb_line_break_holder] --><\/form>\n<p><!-- [et_pb_line_break_holder] --><\/div>\n<p><!-- [et_pb_line_break_holder] --><link href=\"https:\/\/mailer.2md.mk\/assets\/css\/icons\/icomoon\/styles.css\" rel=\"stylesheet\" type=\"text\/css\"><!-- [et_pb_line_break_holder] --><link href=\"https:\/\/mailer.2md.mk\/assets\/css\/components.css\" rel=\"stylesheet\" type=\"text\/css\"><!-- [et_pb_line_break_holder] --><link href=\"https:\/\/mailer.2md.mk\/css\/app.css?v=4.0.22-p2\" rel=\"stylesheet\" type=\"text\/css\">[\/et_pb_code][\/et_pb_column][et_pb_column type=&#8221;1_2&#8243; _builder_version=&#8221;4.24.2&#8243; _module_preset=&#8221;default&#8221; global_colors_info=&#8221;{}&#8221;][et_pb_image src=&#8221;https:\/\/dinosadventures.com\/hr\/wp-content\/uploads\/sites\/4\/2025\/02\/minitecaj.webp&#8221; title_text=&#8221;minitecaj&#8221; _builder_version=&#8221;4.24.2&#8243; _module_preset=&#8221;default&#8221; global_colors_info=&#8221;{}&#8221;][\/et_pb_image][\/et_pb_column][\/et_pb_row][et_pb_row _builder_version=&#8221;4.24.2&#8243; _module_preset=&#8221;default&#8221; global_colors_info=&#8221;{}&#8221;][et_pb_column type=&#8221;4_4&#8243; _builder_version=&#8221;4.24.2&#8243; _module_preset=&#8221;default&#8221; global_colors_info=&#8221;{}&#8221;][et_pb_divider _builder_version=&#8221;4.24.2&#8243; _module_preset=&#8221;default&#8221; global_colors_info=&#8221;{}&#8221;][\/et_pb_divider][\/et_pb_column][\/et_pb_row][et_pb_row column_structure=&#8221;1_3,1_3,1_3&#8243; _builder_version=&#8221;4.24.2&#8243; _module_preset=&#8221;default&#8221; custom_padding=&#8221;0px||0px|||&#8221; global_colors_info=&#8221;{}&#8221;][et_pb_column type=&#8221;1_3&#8243; _builder_version=&#8221;4.24.2&#8243; _module_preset=&#8221;default&#8221; global_colors_info=&#8221;{}&#8221;][et_pb_blurb title=&#8221;U\u010denje odobreno od strane stru\u010dnjaka&#8221; use_icon=&#8221;on&#8221; font_icon=&#8221;&#xf5da;||fa||900&#8243; image_icon_width=&#8221;60px&#8221; _builder_version=&#8221;4.24.2&#8243; _module_preset=&#8221;default&#8221; header_text_align=&#8221;center&#8221; global_colors_info=&#8221;{}&#8221;][\/et_pb_blurb][\/et_pb_column][et_pb_column type=&#8221;1_3&#8243; _builder_version=&#8221;4.24.2&#8243; _module_preset=&#8221;default&#8221; global_colors_info=&#8221;{}&#8221;][et_pb_blurb title=&#8221;Dizajnirano za dob od 4 do 6 godina&#8221; use_icon=&#8221;on&#8221; font_icon=&#8221;&#xf1ae;||fa||900&#8243; image_icon_width=&#8221;60px&#8221; _builder_version=&#8221;4.24.2&#8243; _module_preset=&#8221;default&#8221; header_text_align=&#8221;center&#8221; global_colors_info=&#8221;{}&#8221;][\/et_pb_blurb][\/et_pb_column][et_pb_column type=&#8221;1_3&#8243; _builder_version=&#8221;4.24.2&#8243; _module_preset=&#8221;default&#8221; global_colors_info=&#8221;{}&#8221;][et_pb_blurb title=&#8221;100% besplatan mini-te\u010daj&#8221; use_icon=&#8221;on&#8221; font_icon=&#8221;&#xf19d;||fa||900&#8243; image_icon_width=&#8221;60px&#8221; _builder_version=&#8221;4.24.2&#8243; _module_preset=&#8221;default&#8221; header_text_align=&#8221;center&#8221; global_colors_info=&#8221;{}&#8221;][\/et_pb_blurb][\/et_pb_column][\/et_pb_row][et_pb_row _builder_version=&#8221;4.24.2&#8243; _module_preset=&#8221;default&#8221; custom_padding=&#8221;16px||11px|||&#8221; global_colors_info=&#8221;{}&#8221;][et_pb_column type=&#8221;4_4&#8243; _builder_version=&#8221;4.24.2&#8243; _module_preset=&#8221;default&#8221; global_colors_info=&#8221;{}&#8221;][et_pb_divider _builder_version=&#8221;4.24.2&#8243; _module_preset=&#8221;default&#8221; global_colors_info=&#8221;{}&#8221;][\/et_pb_divider][\/et_pb_column][\/et_pb_row][et_pb_row column_structure=&#8221;1_2,1_2&#8243; _builder_version=&#8221;4.24.2&#8243; _module_preset=&#8221;default&#8221; custom_padding=&#8221;0px|||||&#8221; global_colors_info=&#8221;{}&#8221;][et_pb_column type=&#8221;1_2&#8243; _builder_version=&#8221;4.24.2&#8243; _module_preset=&#8221;default&#8221; global_colors_info=&#8221;{}&#8221;][et_pb_text _builder_version=&#8221;4.24.2&#8243; _module_preset=&#8221;default&#8221; custom_padding=&#8221;33px|||||&#8221; global_colors_info=&#8221;{}&#8221;]<\/p>\n<h4><strong>&#8220;\u0160to \u0107ete dobiti u ovom besplatnom 5-dnevnom mini-te\u010daju&#8221;<\/strong><\/h4>\n<p><strong><\/strong><\/p>\n<p>\ud83d\udca1 Dan 1: Znanost iza u\u010denja temeljenog na igri<\/p>\n<p>\ud83d\udca1 Dan 2: Kako uravnote\u017eiti vrijeme ispred zaslona s u\u010denjem<\/p>\n<p>\ud83d\udca1 Dan 3: 3 jednostavne aktivnosti u\u010denja koje mo\u017eete isprobati kod ku\u0107e<\/p>\n<p>\ud83d\udca1 Dan 4: Razvoj dru\u0161tvenih i emocionalnih vje\u0161tina kroz igru<\/p>\n<p>\ud83d\udca1 Dan 5: Pretvorite u\u010denje kroz igru \u200b\u200bu svakodnevnu naviku<\/p>\n<p>[\/et_pb_text][\/et_pb_column][et_pb_column type=&#8221;1_2&#8243; _builder_version=&#8221;4.24.2&#8243; _module_preset=&#8221;default&#8221; global_colors_info=&#8221;{}&#8221;][et_pb_image src=&#8221;https:\/\/dinosadventures.com\/hr\/wp-content\/uploads\/sites\/4\/2025\/02\/minitecaj.png&#8221; title_text=&#8221;minitecaj%93&#8243; _builder_version=&#8221;4.24.2&#8243; _module_preset=&#8221;default&#8221; global_colors_info=&#8221;{}&#8221;][\/et_pb_image][\/et_pb_column][\/et_pb_row][et_pb_row _builder_version=&#8221;4.24.2&#8243; _module_preset=&#8221;default&#8221; global_colors_info=&#8221;{}&#8221;][et_pb_column type=&#8221;4_4&#8243; _builder_version=&#8221;4.24.2&#8243; _module_preset=&#8221;default&#8221; global_colors_info=&#8221;{}&#8221;][et_pb_divider _builder_version=&#8221;4.24.2&#8243; _module_preset=&#8221;default&#8221; global_colors_info=&#8221;{}&#8221;][\/et_pb_divider][\/et_pb_column][\/et_pb_row][et_pb_row column_structure=&#8221;1_2,1_2&#8243; _builder_version=&#8221;4.24.2&#8243; _module_preset=&#8221;default&#8221; custom_margin=&#8221;-4px|auto||auto||&#8221; custom_padding=&#8221;3px|||||&#8221; global_colors_info=&#8221;{}&#8221;][et_pb_column type=&#8221;1_2&#8243; _builder_version=&#8221;4.24.2&#8243; _module_preset=&#8221;default&#8221; global_colors_info=&#8221;{}&#8221;][et_pb_text _builder_version=&#8221;4.24.2&#8243; _module_preset=&#8221;default&#8221; global_colors_info=&#8221;{}&#8221;]<\/p>\n<p><strong>U\u010di li va\u0161e dijete na najbolji na\u010din?<\/strong><\/p>\n<p>\u2705 Igranje poti\u010de rje\u0161avanje problema i kreativnost<\/p>\n<p>\u2705 Igranje gradi samopouzdanje i dru\u0161tvene vje\u0161tine<\/p>\n<p>\u2705 Igranje poti\u010de ljubav prema u\u010denju &#8211; bez stresa<\/p>\n<p>\ud83d\udca1 Zamislite da va\u0161e dijete u\u010di dok se zabavlja!<\/p>\n<p>[\/et_pb_text][\/et_pb_column][et_pb_column type=&#8221;1_2&#8243; _builder_version=&#8221;4.24.2&#8243; _module_preset=&#8221;default&#8221; global_colors_info=&#8221;{}&#8221;][et_pb_text _builder_version=&#8221;4.24.2&#8243; _module_preset=&#8221;default&#8221; global_colors_info=&#8221;{}&#8221;]<\/p>\n<p><strong>Savr\u0161eno za roditelje koji&#8230;<\/strong><\/p>\n<p>\u2705 \u017dele vrijeme za igru \u200b\u200bpretvoriti u vrijeme za u\u010denje<\/p>\n<p>\u2705 Osje\u0107aju se krivim zbog previ\u0161e vremena provedenog ispred zaslona te ga \u017eele iskoristiti produktivno<\/p>\n<p>\u2705 Trebaju zabavne aktivnosti u\u010denja bez stresa za svoje dijete<\/p>\n<p>\u2705 \u017dele vidjeti svoje dijete kako napreduje kroz igru<\/p>\n<p>[\/et_pb_text][\/et_pb_column][\/et_pb_row][et_pb_row _builder_version=&#8221;4.24.2&#8243; _module_preset=&#8221;default&#8221; global_colors_info=&#8221;{}&#8221;][et_pb_column type=&#8221;4_4&#8243; _builder_version=&#8221;4.24.2&#8243; _module_preset=&#8221;default&#8221; global_colors_info=&#8221;{}&#8221;][et_pb_divider _builder_version=&#8221;4.24.2&#8243; _module_preset=&#8221;default&#8221; global_colors_info=&#8221;{}&#8221;][\/et_pb_divider][\/et_pb_column][\/et_pb_row][et_pb_row column_structure=&#8221;1_3,1_3,1_3&#8243; _builder_version=&#8221;4.24.2&#8243; _module_preset=&#8221;default&#8221; global_colors_info=&#8221;{}&#8221;][et_pb_column type=&#8221;1_3&#8243; _builder_version=&#8221;4.24.2&#8243; _module_preset=&#8221;default&#8221; global_colors_info=&#8221;{}&#8221;][\/et_pb_column][et_pb_column type=&#8221;1_3&#8243; _builder_version=&#8221;4.24.2&#8243; _module_preset=&#8221;default&#8221; global_colors_info=&#8221;{}&#8221;][et_pb_code _builder_version=&#8221;4.24.2&#8243; _module_preset=&#8221;default&#8221; width=&#8221;106.8%&#8221; custom_margin=&#8221;|58px||-3px||&#8221; custom_padding=&#8221;|0px||0px||&#8221; hover_enabled=&#8221;0&#8243; global_colors_info=&#8221;{}&#8221; sticky_enabled=&#8221;0&#8243;]<link href=\"https:\/\/mailer.2md.mk\/css\/embedded.css\" rel=\"stylesheet\" type=\"text\/css\"><!-- [et_pb_line_break_holder] --><\/p>\n<style>.subscribe-embedded-form{color: #333}.subscribe-embedded-form label{color: #555}<\/style>\n<p><!-- [et_pb_line_break_holder] --><\/p>\n<div class=\"subscribe-embedded-form\"><!-- [et_pb_line_break_holder] --><\/p>\n<h2>Po\u010dnite danas!<\/h2>\n<p><!-- [et_pb_line_break_holder] --><pee class=\"text-sm text-right\"><!-- [et_pb_line_break_holder] --><span class=\"text-danger\">*<\/span> potrebno<\/pee><!-- [et_pb_line_break_holder] --><\/p>\n<form action=\"https:\/\/mailer.2md.mk\/lists\/67bc6934c38d4\/embedded-form-subscribe-captcha\" method=\"POST\" class=\"form-validate-jqueryz\"><!-- [et_pb_line_break_holder] --><\/p>\n<div class=\"form-group control-text\"><!-- [et_pb_line_break_holder] --><label> Email <span class=\"text-danger\">*<\/span><!-- [et_pb_line_break_holder] --><\/label><!-- [et_pb_line_break_holder] --><input id=\"EMAIL\" placeholder=\"\" value=\"\" type=\"text\" name=\"EMAIL\" class=\"form-control required email \"><!-- [et_pb_line_break_holder] --><\/div>\n<p><!-- [et_pb_line_break_holder] --><\/p>\n<div class=\"form-group control-text\"><!-- [et_pb_line_break_holder] --><label> Ime <\/label><!-- [et_pb_line_break_holder] --><input id=\"FIRST_NAME\" placeholder=\"\" value=\"\" type=\"text\" name=\"FIRST_NAME\" class=\"form-control \"><!-- [et_pb_line_break_holder] --><\/div>\n<p><!-- [et_pb_line_break_holder] --><\/p>\n<div class=\"form-button\"><!-- [et_pb_line_break_holder] --><button class=\"btn btn-primary\">Preuzmi!<\/button><!-- [et_pb_line_break_holder] --><\/div>\n<p><!-- [et_pb_line_break_holder] --><\/form>\n<p><!-- [et_pb_line_break_holder] --><\/div>\n<p><!-- [et_pb_line_break_holder] --><link href=\"https:\/\/mailer.2md.mk\/assets\/css\/icons\/icomoon\/styles.css\" rel=\"stylesheet\" type=\"text\/css\"><!-- [et_pb_line_break_holder] --><link href=\"https:\/\/mailer.2md.mk\/assets\/css\/components.css\" rel=\"stylesheet\" type=\"text\/css\"><!-- [et_pb_line_break_holder] --><link href=\"https:\/\/mailer.2md.mk\/css\/app.css?v=4.0.22-p2\" rel=\"stylesheet\" type=\"text\/css\">[\/et_pb_code][\/et_pb_column][et_pb_column type=&#8221;1_3&#8243; _builder_version=&#8221;4.24.2&#8243; _module_preset=&#8221;default&#8221; global_colors_info=&#8221;{}&#8221;][\/et_pb_column][\/et_pb_row][\/et_pb_section]<\/p>\n","protected":false},"excerpt":{"rendered":"<p>Besplatan mini-te\u010daj &#8220;Otkrijte tajnu u\u010denja kroz igru!&#8221;Zabavne strategije podr\u017eane od strane stru\u010dnjaka koje \u0107e pomo\u0107i va\u0161em djetetu da u\u010di kroz igru!&#8221;\u0160to \u0107ete dobiti u ovom besplatnom 5-dnevnom mini-te\u010daju&#8221; \ud83d\udca1 Dan 1: Znanost iza u\u010denja temeljenog na igri \ud83d\udca1 Dan 2: Kako uravnote\u017eiti vrijeme ispred zaslona s u\u010denjem \ud83d\udca1 Dan 3: 3 jednostavne aktivnosti u\u010denja koje [&hellip;]<\/p>\n","protected":false},"author":1,"featured_media":0,"parent":0,"menu_order":0,"comment_status":"closed","ping_status":"closed","template":"","meta":{"_et_pb_use_builder":"on","_et_pb_old_content":"","_et_gb_content_width":"","footnotes":""},"_links":{"self":[{"href":"https:\/\/dinosadventures.com\/hr\/wp-json\/wp\/v2\/pages\/343"}],"collection":[{"href":"https:\/\/dinosadventures.com\/hr\/wp-json\/wp\/v2\/pages"}],"about":[{"href":"https:\/\/dinosadventures.com\/hr\/wp-json\/wp\/v2\/types\/page"}],"author":[{"embeddable":true,"href":"https:\/\/dinosadventures.com\/hr\/wp-json\/wp\/v2\/users\/1"}],"replies":[{"embeddable":true,"href":"https:\/\/dinosadventures.com\/hr\/wp-json\/wp\/v2\/comments?post=343"}],"version-history":[{"count":18,"href":"https:\/\/dinosadventures.com\/hr\/wp-json\/wp\/v2\/pages\/343\/revisions"}],"predecessor-version":[{"id":369,"href":"https:\/\/dinosadventures.com\/hr\/wp-json\/wp\/v2\/pages\/343\/revisions\/369"}],"wp:attachment":[{"href":"https:\/\/dinosadventures.com\/hr\/wp-json\/wp\/v2\/media?parent=343"}],"curies":[{"name":"wp","href":"https:\/\/api.w.org\/{rel}","templated":true}]}}