{"id":370,"date":"2025-02-26T09:35:43","date_gmt":"2025-02-26T09:35:43","guid":{"rendered":"https:\/\/dinosadventures.com\/hr\/?page_id=370"},"modified":"2025-09-05T23:14:51","modified_gmt":"2025-09-05T23:14:51","slug":"guide-ebook","status":"publish","type":"page","link":"https:\/\/dinosadventures.com\/hr\/guide-ebook\/","title":{"rendered":"Guide ebook"},"content":{"rendered":"<p>[et_pb_section fb_built=&#8221;1&#8243; _builder_version=&#8221;4.24.2&#8243; _module_preset=&#8221;default&#8221; global_colors_info=&#8221;{}&#8221;][et_pb_row column_structure=&#8221;1_2,1_2&#8243; _builder_version=&#8221;4.24.2&#8243; _module_preset=&#8221;default&#8221; global_colors_info=&#8221;{}&#8221;][et_pb_column type=&#8221;1_2&#8243; _builder_version=&#8221;4.24.2&#8243; _module_preset=&#8221;default&#8221; global_colors_info=&#8221;{}&#8221;][et_pb_image src=&#8221;https:\/\/dinosadventures.com\/hr\/wp-content\/uploads\/sites\/4\/2025\/02\/CoverHR2.png&#8221; title_text=&#8221;CoverHR2&#8243; _builder_version=&#8221;4.24.2&#8243; _module_preset=&#8221;default&#8221; width=&#8221;77%&#8221; module_alignment=&#8221;left&#8221; global_colors_info=&#8221;{}&#8221;][\/et_pb_image][\/et_pb_column][et_pb_column type=&#8221;1_2&#8243; _builder_version=&#8221;4.24.2&#8243; _module_preset=&#8221;default&#8221; global_colors_info=&#8221;{}&#8221;][et_pb_text _builder_version=&#8221;4.24.2&#8243; _module_preset=&#8221;default&#8221; hover_enabled=&#8221;0&#8243; global_colors_info=&#8221;{}&#8221; sticky_enabled=&#8221;0&#8243;]<\/p>\n<h2>Besplatan vodi\u010d: pametno vrijeme ispred zaslona za tvoje dijete<\/h2>\n<p>[\/et_pb_text][et_pb_text _builder_version=&#8221;4.24.2&#8243; _module_preset=&#8221;default&#8221; hover_enabled=&#8221;0&#8243; sticky_enabled=&#8221;0&#8243; custom_margin=&#8221;-17px|||||&#8221;]<\/p>\n<p>Ovaj vodi\u010d koriste tisu\u0107e roditelja koji su odlu\u010dili prestati s gri\u017enjom savjesti i po\u010deti koristiti ekrane na pametan na\u010din. Preuzmi svoj primjerak i postani roditelj koji zna vi\u0161e.<\/p>\n<p>[\/et_pb_text][et_pb_text _builder_version=&#8221;4.24.2&#8243; _module_preset=&#8221;default&#8221; global_colors_info=&#8221;{}&#8221; custom_margin=&#8221;-6px|||||&#8221;]<\/p>\n<p>\u2705 Savjeti koje su odobrili stru\u010dnjaci<br \/>\u2705 Strategije potkrijepljene istra\u017eivanjem<br \/>\u2705 Nema spama, samo vrijedni savjeti<\/p>\n<p>[\/et_pb_text][et_pb_code _builder_version=&#8221;4.24.2&#8243; _module_preset=&#8221;default&#8221; custom_margin=&#8221;14px|||||&#8221; global_colors_info=&#8221;{}&#8221;]<link href=\"https:\/\/mailer.2md.mk\/css\/embedded.css\" rel=\"stylesheet\" type=\"text\/css\"><!-- [et_pb_line_break_holder] --><\/p>\n<style>.subscribe-embedded-form{color: #333}.subscribe-embedded-form label{color: #555}<\/style>\n<p><!-- [et_pb_line_break_holder] --><\/p>\n<div class=\"subscribe-embedded-form\"><!-- [et_pb_line_break_holder] --><\/p>\n<h4>Nabavite va\u0161 besplatni vodi\u010d!<\/h4>\n<p><!-- [et_pb_line_break_holder] --><pee class=\"text-sm text-right\"><!-- [et_pb_line_break_holder] --><span class=\"text-danger\">*<\/span> potrebno<\/pee><!-- [et_pb_line_break_holder] --><\/p>\n<form action=\"https:\/\/mailer.2md.mk\/lists\/67bee3302a52b\/embedded-form-subscribe-captcha\" method=\"POST\" class=\"form-validate-jqueryz\"><!-- [et_pb_line_break_holder] --><\/p>\n<div class=\"form-group control-text\"><!-- [et_pb_line_break_holder] --><label> Email <span class=\"text-danger\">*<\/span><!-- [et_pb_line_break_holder] --><\/label><!-- [et_pb_line_break_holder] --><input id=\"EMAIL\" placeholder=\"\" value=\"\" type=\"text\" name=\"EMAIL\" class=\"form-control required email \"><!-- [et_pb_line_break_holder] --><\/div>\n<p><!-- [et_pb_line_break_holder] --><\/p>\n<div class=\"form-group control-text\"><!-- [et_pb_line_break_holder] --><label> Ime <\/label><!-- [et_pb_line_break_holder] --><input id=\"FIRST_NAME\" placeholder=\"\" value=\"\" type=\"text\" name=\"FIRST_NAME\" class=\"form-control \"><!-- [et_pb_line_break_holder] --><\/div>\n<p><!-- [et_pb_line_break_holder] --><\/p>\n<div class=\"form-button\"><!-- [et_pb_line_break_holder] --><button class=\"btn btn-primary\">Preuzmi<\/button><!-- [et_pb_line_break_holder] --><\/div>\n<p><!-- [et_pb_line_break_holder] --><\/form>\n<p><!-- [et_pb_line_break_holder] --><\/div>\n<p><!-- [et_pb_line_break_holder] --><link href=\"https:\/\/mailer.2md.mk\/assets\/css\/icons\/icomoon\/styles.css\" rel=\"stylesheet\" type=\"text\/css\"><!-- [et_pb_line_break_holder] --><link href=\"https:\/\/mailer.2md.mk\/assets\/css\/components.css\" rel=\"stylesheet\" type=\"text\/css\"><!-- [et_pb_line_break_holder] --><link href=\"https:\/\/mailer.2md.mk\/css\/app.css?v=4.0.22-p2\" rel=\"stylesheet\" type=\"text\/css\">[\/et_pb_code][\/et_pb_column][\/et_pb_row][\/et_pb_section]<\/p>\n","protected":false},"excerpt":{"rendered":"<p>Besplatan vodi\u010d: pametno vrijeme ispred zaslona za tvoje dijeteOvaj vodi\u010d koriste tisu\u0107e roditelja koji su odlu\u010dili prestati s gri\u017enjom savjesti i po\u010deti koristiti ekrane na pametan na\u010din. Preuzmi svoj primjerak i postani roditelj koji zna vi\u0161e.\u2705 Savjeti koje su odobrili stru\u010dnjaci\u2705 Strategije potkrijepljene istra\u017eivanjem\u2705 Nema spama, samo vrijedni savjeti<\/p>\n","protected":false},"author":1,"featured_media":0,"parent":0,"menu_order":0,"comment_status":"closed","ping_status":"closed","template":"","meta":{"_et_pb_use_builder":"on","_et_pb_old_content":"","_et_gb_content_width":"","footnotes":""},"_links":{"self":[{"href":"https:\/\/dinosadventures.com\/hr\/wp-json\/wp\/v2\/pages\/370"}],"collection":[{"href":"https:\/\/dinosadventures.com\/hr\/wp-json\/wp\/v2\/pages"}],"about":[{"href":"https:\/\/dinosadventures.com\/hr\/wp-json\/wp\/v2\/types\/page"}],"author":[{"embeddable":true,"href":"https:\/\/dinosadventures.com\/hr\/wp-json\/wp\/v2\/users\/1"}],"replies":[{"embeddable":true,"href":"https:\/\/dinosadventures.com\/hr\/wp-json\/wp\/v2\/comments?post=370"}],"version-history":[{"count":8,"href":"https:\/\/dinosadventures.com\/hr\/wp-json\/wp\/v2\/pages\/370\/revisions"}],"predecessor-version":[{"id":417,"href":"https:\/\/dinosadventures.com\/hr\/wp-json\/wp\/v2\/pages\/370\/revisions\/417"}],"wp:attachment":[{"href":"https:\/\/dinosadventures.com\/hr\/wp-json\/wp\/v2\/media?parent=370"}],"curies":[{"name":"wp","href":"https:\/\/api.w.org\/{rel}","templated":true}]}}